{"id":113,"date":"2020-08-21T10:02:45","date_gmt":"2020-08-21T10:02:45","guid":{"rendered":"https:\/\/www.amarantis.es\/?page_id=113"},"modified":"2020-12-02T17:21:08","modified_gmt":"2020-12-02T16:21:08","slug":"gary-el-melenas","status":"publish","type":"page","link":"https:\/\/www.amarantis.es\/index.php\/nombres-con-historia\/gary-el-melenas\/","title":{"rendered":"Gary el Melenas"},"content":{"rendered":"\n<p>Tan guapo como caradura, no hay quien se resista a esa mirada. Si su pelo os parece bonito, tenemos sacos y sacos.<\/p>\n\n\n\n<p>Gary lleg\u00f3 a nuestra familia con 2 a\u00f1os, procedente de la incre\u00edble familia Troylo. Y es tan listo, que ni ellos ni nosotros nos dimos cuenta hasta pasado un tiempo de que el pobre es completamente sordo. Aunque a \u00e9l parece no importarle y a nosotros tampoco.<\/p>\n\n\n\n<figure class=\"wp-block-image size-large\"><img loading=\"lazy\" decoding=\"async\" width=\"922\" height=\"1024\" src=\"https:\/\/www.amarantis.es\/wp-content\/uploads\/2020\/08\/IMG-20200716-WA0008-1-922x1024.jpg\" alt=\"\" class=\"wp-image-212\" srcset=\"https:\/\/www.amarantis.es\/wp-content\/uploads\/2020\/08\/IMG-20200716-WA0008-1-922x1024.jpg 922w, https:\/\/www.amarantis.es\/wp-content\/uploads\/2020\/08\/IMG-20200716-WA0008-1-300x333.jpg 300w, https:\/\/www.amarantis.es\/wp-content\/uploads\/2020\/08\/IMG-20200716-WA0008-1-600x666.jpg 600w, https:\/\/www.amarantis.es\/wp-content\/uploads\/2020\/08\/IMG-20200716-WA0008-1-270x300.jpg 270w, https:\/\/www.amarantis.es\/wp-content\/uploads\/2020\/08\/IMG-20200716-WA0008-1-768x853.jpg 768w, https:\/\/www.amarantis.es\/wp-content\/uploads\/2020\/08\/IMG-20200716-WA0008-1-900x1000.jpg 900w, https:\/\/www.amarantis.es\/wp-content\/uploads\/2020\/08\/IMG-20200716-WA0008-1.jpg 966w\" sizes=\"auto, (max-width: 922px) 100vw, 922px\" \/><figcaption>Gary el Melenas<\/figcaption><\/figure>\n\n\n\n<p>No sabemos como comienza su historia, aunque probablemente el ser sordo le sentenci\u00f3. Lo primero que sabemos de \u00e9l es que vagabundeaba junto a su amigo Michael por los campos de Toledo cuando, ya fam\u00e9lico y al borde de sus fuerzas, antes de poder ser rescatado sufri\u00f3 un atropello que pod\u00eda haber significado su fin. Pero sus \u00e1ngeles de la guarda, Fran e Inma, consiguieron rescatarle y se encargaron de cuidarle hasta que sus heridas curaron y estuvo lo suficientemente fuerte como para soportar el viaje hasta Troylo, donde aprendi\u00f3 lo que es una familia, y que no todo en la vida es llevarse golpes.<\/p>\n\n\n\n<figure class=\"wp-block-image size-large\"><img loading=\"lazy\" decoding=\"async\" width=\"718\" height=\"479\" src=\"https:\/\/www.amarantis.es\/wp-content\/uploads\/2020\/08\/Gary-jugando-escuela.jpg\" alt=\"\" class=\"wp-image-215\" srcset=\"https:\/\/www.amarantis.es\/wp-content\/uploads\/2020\/08\/Gary-jugando-escuela.jpg 718w, https:\/\/www.amarantis.es\/wp-content\/uploads\/2020\/08\/Gary-jugando-escuela-300x200.jpg 300w, https:\/\/www.amarantis.es\/wp-content\/uploads\/2020\/08\/Gary-jugando-escuela-600x400.jpg 600w\" sizes=\"auto, (max-width: 718px) 100vw, 718px\" \/><\/figure>\n\n\n\n<p>El comienzo de su historia es tan triste como el de muchos de estos pobres animales, aunque el tuvo m\u00e1s suerte y ahora vive su merecida vida de perro. Pero a\u00fan hay muchos que necesitan ayuda, as\u00ed que si pens\u00e1is en un nuevo compa\u00f1ero ya sab\u00e9is lo que ten\u00e9is que hacer. <\/p>\n","protected":false},"excerpt":{"rendered":"<p>Tan guapo como caradura, no hay quien se resista a esa mirada. Si su pelo os parece bonito, tenemos sacos y sacos. Gary lleg\u00f3 a nuestra familia con 2 a\u00f1os, procedente de la incre\u00edble familia Troylo. Y es tan listo, que ni ellos ni nosotros nos dimos cuenta hasta pasado un tiempo de que el [&hellip;]<\/p>\n","protected":false},"author":1,"featured_media":126,"parent":28,"menu_order":2,"comment_status":"closed","ping_status":"closed","template":"","meta":{"footnotes":""},"class_list":["post-113","page","type-page","status-publish","has-post-thumbnail","hentry"],"yoast_head":"<!-- This site is optimized with the Yoast SEO plugin v27.2 - https:\/\/yoast.com\/product\/yoast-seo-wordpress\/ -->\n<title>Gary el Melenas - Amarantis<\/title>\n<meta name=\"robots\" content=\"index, follow, max-snippet:-1, max-image-preview:large, max-video-preview:-1\" \/>\n<link rel=\"canonical\" href=\"https:\/\/www.amarantis.es\/index.php\/nombres-con-historia\/gary-el-melenas\/\" \/>\n<meta property=\"og:locale\" content=\"es_ES\" \/>\n<meta property=\"og:type\" content=\"article\" \/>\n<meta property=\"og:title\" content=\"Gary el Melenas - Amarantis\" \/>\n<meta property=\"og:description\" content=\"Tan guapo como caradura, no hay quien se resista a esa mirada. Si su pelo os parece bonito, tenemos sacos y sacos. Gary lleg\u00f3 a nuestra familia con 2 a\u00f1os, procedente de la incre\u00edble familia Troylo. Y es tan listo, que ni ellos ni nosotros nos dimos cuenta hasta pasado un tiempo de que el [&hellip;]\" \/>\n<meta property=\"og:url\" content=\"https:\/\/www.amarantis.es\/index.php\/nombres-con-historia\/gary-el-melenas\/\" \/>\n<meta property=\"og:site_name\" content=\"Amarantis\" \/>\n<meta property=\"article:publisher\" content=\"https:\/\/www.facebook.com\/AmarantisCervezaArtesana\/\" \/>\n<meta property=\"article:modified_time\" content=\"2020-12-02T16:21:08+00:00\" \/>\n<meta property=\"og:image\" content=\"https:\/\/www.amarantis.es\/wp-content\/uploads\/2020\/08\/IMG_20200519_194553-scaled.jpg\" \/>\n\t<meta property=\"og:image:width\" content=\"2560\" \/>\n\t<meta property=\"og:image:height\" content=\"1920\" \/>\n\t<meta property=\"og:image:type\" content=\"image\/jpeg\" \/>\n<meta name=\"twitter:card\" content=\"summary_large_image\" \/>\n<meta name=\"twitter:site\" content=\"@amarantis_beer\" \/>\n<meta name=\"twitter:label1\" content=\"Tiempo de lectura\" \/>\n\t<meta name=\"twitter:data1\" content=\"1 minuto\" \/>\n<script type=\"application\/ld+json\" class=\"yoast-schema-graph\">{\"@context\":\"https:\/\/schema.org\",\"@graph\":[{\"@type\":\"WebPage\",\"@id\":\"https:\/\/www.amarantis.es\/index.php\/nombres-con-historia\/gary-el-melenas\/\",\"url\":\"https:\/\/www.amarantis.es\/index.php\/nombres-con-historia\/gary-el-melenas\/\",\"name\":\"Gary el Melenas - Amarantis\",\"isPartOf\":{\"@id\":\"https:\/\/www.amarantis.es\/#website\"},\"primaryImageOfPage\":{\"@id\":\"https:\/\/www.amarantis.es\/index.php\/nombres-con-historia\/gary-el-melenas\/#primaryimage\"},\"image\":{\"@id\":\"https:\/\/www.amarantis.es\/index.php\/nombres-con-historia\/gary-el-melenas\/#primaryimage\"},\"thumbnailUrl\":\"https:\/\/www.amarantis.es\/wp-content\/uploads\/2020\/08\/IMG_20200519_194553-scaled.jpg\",\"datePublished\":\"2020-08-21T10:02:45+00:00\",\"dateModified\":\"2020-12-02T16:21:08+00:00\",\"breadcrumb\":{\"@id\":\"https:\/\/www.amarantis.es\/index.php\/nombres-con-historia\/gary-el-melenas\/#breadcrumb\"},\"inLanguage\":\"es\",\"potentialAction\":[{\"@type\":\"ReadAction\",\"target\":[\"https:\/\/www.amarantis.es\/index.php\/nombres-con-historia\/gary-el-melenas\/\"]}]},{\"@type\":\"ImageObject\",\"inLanguage\":\"es\",\"@id\":\"https:\/\/www.amarantis.es\/index.php\/nombres-con-historia\/gary-el-melenas\/#primaryimage\",\"url\":\"https:\/\/www.amarantis.es\/wp-content\/uploads\/2020\/08\/IMG_20200519_194553-scaled.jpg\",\"contentUrl\":\"https:\/\/www.amarantis.es\/wp-content\/uploads\/2020\/08\/IMG_20200519_194553-scaled.jpg\",\"width\":2560,\"height\":1920},{\"@type\":\"BreadcrumbList\",\"@id\":\"https:\/\/www.amarantis.es\/index.php\/nombres-con-historia\/gary-el-melenas\/#breadcrumb\",\"itemListElement\":[{\"@type\":\"ListItem\",\"position\":1,\"name\":\"Home\",\"item\":\"https:\/\/www.amarantis.es\/\"},{\"@type\":\"ListItem\",\"position\":2,\"name\":\"Nombres con Historia\",\"item\":\"https:\/\/www.amarantis.es\/index.php\/nombres-con-historia\/\"},{\"@type\":\"ListItem\",\"position\":3,\"name\":\"Gary el Melenas\"}]},{\"@type\":\"WebSite\",\"@id\":\"https:\/\/www.amarantis.es\/#website\",\"url\":\"https:\/\/www.amarantis.es\/\",\"name\":\"Amarantis\",\"description\":\"Cerveza Artesana\",\"publisher\":{\"@id\":\"https:\/\/www.amarantis.es\/#organization\"},\"potentialAction\":[{\"@type\":\"SearchAction\",\"target\":{\"@type\":\"EntryPoint\",\"urlTemplate\":\"https:\/\/www.amarantis.es\/?s={search_term_string}\"},\"query-input\":{\"@type\":\"PropertyValueSpecification\",\"valueRequired\":true,\"valueName\":\"search_term_string\"}}],\"inLanguage\":\"es\"},{\"@type\":\"Organization\",\"@id\":\"https:\/\/www.amarantis.es\/#organization\",\"name\":\"Amarantis\",\"url\":\"https:\/\/www.amarantis.es\/\",\"logo\":{\"@type\":\"ImageObject\",\"inLanguage\":\"es\",\"@id\":\"https:\/\/www.amarantis.es\/#\/schema\/logo\/image\/\",\"url\":\"https:\/\/www.amarantis.es\/wp-content\/uploads\/2020\/08\/cropped-Logo-Amarantis-Cerveza-Artesana-alargado-1.jpg\",\"contentUrl\":\"https:\/\/www.amarantis.es\/wp-content\/uploads\/2020\/08\/cropped-Logo-Amarantis-Cerveza-Artesana-alargado-1.jpg\",\"width\":1200,\"height\":300,\"caption\":\"Amarantis\"},\"image\":{\"@id\":\"https:\/\/www.amarantis.es\/#\/schema\/logo\/image\/\"},\"sameAs\":[\"https:\/\/www.facebook.com\/AmarantisCervezaArtesana\/\",\"https:\/\/x.com\/amarantis_beer\",\"https:\/\/www.instagram.com\/amarantis_cerveza_artesana\/\"]}]}<\/script>\n<!-- \/ Yoast SEO plugin. -->","yoast_head_json":{"title":"Gary el Melenas - Amarantis","robots":{"index":"index","follow":"follow","max-snippet":"max-snippet:-1","max-image-preview":"max-image-preview:large","max-video-preview":"max-video-preview:-1"},"canonical":"https:\/\/www.amarantis.es\/index.php\/nombres-con-historia\/gary-el-melenas\/","og_locale":"es_ES","og_type":"article","og_title":"Gary el Melenas - Amarantis","og_description":"Tan guapo como caradura, no hay quien se resista a esa mirada. Si su pelo os parece bonito, tenemos sacos y sacos. Gary lleg\u00f3 a nuestra familia con 2 a\u00f1os, procedente de la incre\u00edble familia Troylo. Y es tan listo, que ni ellos ni nosotros nos dimos cuenta hasta pasado un tiempo de que el [&hellip;]","og_url":"https:\/\/www.amarantis.es\/index.php\/nombres-con-historia\/gary-el-melenas\/","og_site_name":"Amarantis","article_publisher":"https:\/\/www.facebook.com\/AmarantisCervezaArtesana\/","article_modified_time":"2020-12-02T16:21:08+00:00","og_image":[{"width":2560,"height":1920,"url":"https:\/\/www.amarantis.es\/wp-content\/uploads\/2020\/08\/IMG_20200519_194553-scaled.jpg","type":"image\/jpeg"}],"twitter_card":"summary_large_image","twitter_site":"@amarantis_beer","twitter_misc":{"Tiempo de lectura":"1 minuto"},"schema":{"@context":"https:\/\/schema.org","@graph":[{"@type":"WebPage","@id":"https:\/\/www.amarantis.es\/index.php\/nombres-con-historia\/gary-el-melenas\/","url":"https:\/\/www.amarantis.es\/index.php\/nombres-con-historia\/gary-el-melenas\/","name":"Gary el Melenas - Amarantis","isPartOf":{"@id":"https:\/\/www.amarantis.es\/#website"},"primaryImageOfPage":{"@id":"https:\/\/www.amarantis.es\/index.php\/nombres-con-historia\/gary-el-melenas\/#primaryimage"},"image":{"@id":"https:\/\/www.amarantis.es\/index.php\/nombres-con-historia\/gary-el-melenas\/#primaryimage"},"thumbnailUrl":"https:\/\/www.amarantis.es\/wp-content\/uploads\/2020\/08\/IMG_20200519_194553-scaled.jpg","datePublished":"2020-08-21T10:02:45+00:00","dateModified":"2020-12-02T16:21:08+00:00","breadcrumb":{"@id":"https:\/\/www.amarantis.es\/index.php\/nombres-con-historia\/gary-el-melenas\/#breadcrumb"},"inLanguage":"es","potentialAction":[{"@type":"ReadAction","target":["https:\/\/www.amarantis.es\/index.php\/nombres-con-historia\/gary-el-melenas\/"]}]},{"@type":"ImageObject","inLanguage":"es","@id":"https:\/\/www.amarantis.es\/index.php\/nombres-con-historia\/gary-el-melenas\/#primaryimage","url":"https:\/\/www.amarantis.es\/wp-content\/uploads\/2020\/08\/IMG_20200519_194553-scaled.jpg","contentUrl":"https:\/\/www.amarantis.es\/wp-content\/uploads\/2020\/08\/IMG_20200519_194553-scaled.jpg","width":2560,"height":1920},{"@type":"BreadcrumbList","@id":"https:\/\/www.amarantis.es\/index.php\/nombres-con-historia\/gary-el-melenas\/#breadcrumb","itemListElement":[{"@type":"ListItem","position":1,"name":"Home","item":"https:\/\/www.amarantis.es\/"},{"@type":"ListItem","position":2,"name":"Nombres con Historia","item":"https:\/\/www.amarantis.es\/index.php\/nombres-con-historia\/"},{"@type":"ListItem","position":3,"name":"Gary el Melenas"}]},{"@type":"WebSite","@id":"https:\/\/www.amarantis.es\/#website","url":"https:\/\/www.amarantis.es\/","name":"Amarantis","description":"Cerveza Artesana","publisher":{"@id":"https:\/\/www.amarantis.es\/#organization"},"potentialAction":[{"@type":"SearchAction","target":{"@type":"EntryPoint","urlTemplate":"https:\/\/www.amarantis.es\/?s={search_term_string}"},"query-input":{"@type":"PropertyValueSpecification","valueRequired":true,"valueName":"search_term_string"}}],"inLanguage":"es"},{"@type":"Organization","@id":"https:\/\/www.amarantis.es\/#organization","name":"Amarantis","url":"https:\/\/www.amarantis.es\/","logo":{"@type":"ImageObject","inLanguage":"es","@id":"https:\/\/www.amarantis.es\/#\/schema\/logo\/image\/","url":"https:\/\/www.amarantis.es\/wp-content\/uploads\/2020\/08\/cropped-Logo-Amarantis-Cerveza-Artesana-alargado-1.jpg","contentUrl":"https:\/\/www.amarantis.es\/wp-content\/uploads\/2020\/08\/cropped-Logo-Amarantis-Cerveza-Artesana-alargado-1.jpg","width":1200,"height":300,"caption":"Amarantis"},"image":{"@id":"https:\/\/www.amarantis.es\/#\/schema\/logo\/image\/"},"sameAs":["https:\/\/www.facebook.com\/AmarantisCervezaArtesana\/","https:\/\/x.com\/amarantis_beer","https:\/\/www.instagram.com\/amarantis_cerveza_artesana\/"]}]}},"_links":{"self":[{"href":"https:\/\/www.amarantis.es\/index.php\/wp-json\/wp\/v2\/pages\/113","targetHints":{"allow":["GET"]}}],"collection":[{"href":"https:\/\/www.amarantis.es\/index.php\/wp-json\/wp\/v2\/pages"}],"about":[{"href":"https:\/\/www.amarantis.es\/index.php\/wp-json\/wp\/v2\/types\/page"}],"author":[{"embeddable":true,"href":"https:\/\/www.amarantis.es\/index.php\/wp-json\/wp\/v2\/users\/1"}],"replies":[{"embeddable":true,"href":"https:\/\/www.amarantis.es\/index.php\/wp-json\/wp\/v2\/comments?post=113"}],"version-history":[{"count":4,"href":"https:\/\/www.amarantis.es\/index.php\/wp-json\/wp\/v2\/pages\/113\/revisions"}],"predecessor-version":[{"id":875,"href":"https:\/\/www.amarantis.es\/index.php\/wp-json\/wp\/v2\/pages\/113\/revisions\/875"}],"up":[{"embeddable":true,"href":"https:\/\/www.amarantis.es\/index.php\/wp-json\/wp\/v2\/pages\/28"}],"wp:featuredmedia":[{"embeddable":true,"href":"https:\/\/www.amarantis.es\/index.php\/wp-json\/wp\/v2\/media\/126"}],"wp:attachment":[{"href":"https:\/\/www.amarantis.es\/index.php\/wp-json\/wp\/v2\/media?parent=113"}],"curies":[{"name":"wp","href":"https:\/\/api.w.org\/{rel}","templated":true}]}}