{"id":187,"date":"2020-08-27T12:01:17","date_gmt":"2020-08-27T12:01:17","guid":{"rendered":"https:\/\/www.amarantis.es\/?page_id=187"},"modified":"2021-02-09T17:56:41","modified_gmt":"2021-02-09T16:56:41","slug":"sobre-nosotros","status":"publish","type":"page","link":"https:\/\/www.amarantis.es\/index.php\/sobre-nosotros\/","title":{"rendered":"Sobre nosotros"},"content":{"rendered":"\n<p>Somos un par de amantes de la cerveza, intentando hacer realidad un sue\u00f1o que nace de esa pasi\u00f3n.<\/p>\n\n\n\n<div class=\"wp-block-image\"><figure class=\"alignleft size-medium is-resized\"><img loading=\"lazy\" decoding=\"async\" src=\"https:\/\/www.amarantis.es\/wp-content\/uploads\/2020\/08\/Caleya-300x225.jpg\" alt=\"\" class=\"wp-image-168\" width=\"463\" height=\"347\" srcset=\"https:\/\/www.amarantis.es\/wp-content\/uploads\/2020\/08\/Caleya-300x225.jpg 300w, https:\/\/www.amarantis.es\/wp-content\/uploads\/2020\/08\/Caleya-600x450.jpg 600w, https:\/\/www.amarantis.es\/wp-content\/uploads\/2020\/08\/Caleya-768x576.jpg 768w, https:\/\/www.amarantis.es\/wp-content\/uploads\/2020\/08\/Caleya-900x675.jpg 900w, https:\/\/www.amarantis.es\/wp-content\/uploads\/2020\/08\/Caleya.jpg 960w\" sizes=\"auto, (max-width: 463px) 100vw, 463px\" \/><\/figure><\/div>\n\n\n\n<p class=\"has-text-align-left\">Desde el principio, hemos tenido la suerte de poder probar y conocer cervezas, lugares y sobre todo personas que nos han ido enriqueciendo poco a poco, ampliando nuestro horizonte, pasando de el \u00abyo es que no suelo beber cerveza si no es Guinness\u00bb que alguno dijo el primer d\u00eda que entramos juntos a un pub, a probar cualquier cerveza que se nos ponga al alcance.<\/p>\n\n\n\n<p><\/p>\n\n\n\n<p><\/p>\n\n\n\n<div class=\"wp-block-image\"><figure class=\"alignright size-medium is-resized\"><img loading=\"lazy\" decoding=\"async\" src=\"https:\/\/www.amarantis.es\/wp-content\/uploads\/2020\/08\/Jorge-Fullers-300x169.jpg\" alt=\"\" class=\"wp-image-171\" width=\"397\" height=\"224\" srcset=\"https:\/\/www.amarantis.es\/wp-content\/uploads\/2020\/08\/Jorge-Fullers-300x169.jpg 300w, https:\/\/www.amarantis.es\/wp-content\/uploads\/2020\/08\/Jorge-Fullers-600x338.jpg 600w, https:\/\/www.amarantis.es\/wp-content\/uploads\/2020\/08\/Jorge-Fullers-1024x577.jpg 1024w, https:\/\/www.amarantis.es\/wp-content\/uploads\/2020\/08\/Jorge-Fullers-768x433.jpg 768w, https:\/\/www.amarantis.es\/wp-content\/uploads\/2020\/08\/Jorge-Fullers-900x508.jpg 900w, https:\/\/www.amarantis.es\/wp-content\/uploads\/2020\/08\/Jorge-Fullers.jpg 1080w\" sizes=\"auto, (max-width: 397px) 100vw, 397px\" \/><\/figure><\/div>\n\n\n\n<p>Durante todo este tiempo no hemos parado de investigar, tratando de conocer lugares, t\u00e9cnicas e historias relacionados con la cerveza, ya sea por nuestra cuenta o acompa\u00f1ados de nuestros Hermanos Cerveceros, que para nosotros son algo m\u00e1s que amigos.<\/p>\n\n\n\n<div class=\"wp-block-image\"><figure class=\"aligncenter size-large\"><img loading=\"lazy\" decoding=\"async\" width=\"609\" height=\"834\" src=\"https:\/\/www.amarantis.es\/wp-content\/uploads\/2020\/08\/Amaranta-Kent-1.jpg\" alt=\"\" class=\"wp-image-189\" srcset=\"https:\/\/www.amarantis.es\/wp-content\/uploads\/2020\/08\/Amaranta-Kent-1.jpg 609w, https:\/\/www.amarantis.es\/wp-content\/uploads\/2020\/08\/Amaranta-Kent-1-300x411.jpg 300w, https:\/\/www.amarantis.es\/wp-content\/uploads\/2020\/08\/Amaranta-Kent-1-600x822.jpg 600w, https:\/\/www.amarantis.es\/wp-content\/uploads\/2020\/08\/Amaranta-Kent-1-219x300.jpg 219w\" sizes=\"auto, (max-width: 609px) 100vw, 609px\" \/><\/figure><\/div>\n\n\n\n<p>Poco a poco este inter\u00e9s se fue transformando en algo m\u00e1s, y hacer cerveza en casa para compartirla con amigos y familiares pas\u00f3 a ser un hobby con el que pasar el rato al que cada vez dedic\u00e1bamos m\u00e1s atenci\u00f3n y esfuerzo, porque una vez que te pica este gusanillo ya no eres capaz de parar. Desde entonces, dise\u00f1ar nuevas recetas de diferentes estilos, investigando y tratando de perfeccionar cada vez m\u00e1s nuestras cervezas, pronto se convirti\u00f3 en parte de nuestro d\u00eda a d\u00eda.<\/p>\n\n\n\n<div class=\"wp-block-columns is-layout-flex wp-container-core-columns-is-layout-9d6595d7 wp-block-columns-is-layout-flex\">\n<div class=\"wp-block-column is-layout-flow wp-block-column-is-layout-flow\">\n<figure class=\"wp-block-image size-large\"><img loading=\"lazy\" decoding=\"async\" width=\"720\" height=\"960\" src=\"https:\/\/www.amarantis.es\/wp-content\/uploads\/2020\/08\/Amaranta-Premio.jpg\" alt=\"\" class=\"wp-image-167\" srcset=\"https:\/\/www.amarantis.es\/wp-content\/uploads\/2020\/08\/Amaranta-Premio.jpg 720w, https:\/\/www.amarantis.es\/wp-content\/uploads\/2020\/08\/Amaranta-Premio-300x400.jpg 300w, https:\/\/www.amarantis.es\/wp-content\/uploads\/2020\/08\/Amaranta-Premio-600x800.jpg 600w, https:\/\/www.amarantis.es\/wp-content\/uploads\/2020\/08\/Amaranta-Premio-225x300.jpg 225w\" sizes=\"auto, (max-width: 720px) 100vw, 720px\" \/><\/figure>\n\n\n\n<p><\/p>\n<\/div>\n\n\n\n<div class=\"wp-block-column is-layout-flow wp-block-column-is-layout-flow\">\n<figure class=\"wp-block-image size-large\"><img loading=\"lazy\" decoding=\"async\" width=\"610\" height=\"814\" src=\"https:\/\/www.amarantis.es\/wp-content\/uploads\/2020\/08\/Jorge-Premio.jpg\" alt=\"\" class=\"wp-image-169\" srcset=\"https:\/\/www.amarantis.es\/wp-content\/uploads\/2020\/08\/Jorge-Premio.jpg 610w, https:\/\/www.amarantis.es\/wp-content\/uploads\/2020\/08\/Jorge-Premio-300x400.jpg 300w, https:\/\/www.amarantis.es\/wp-content\/uploads\/2020\/08\/Jorge-Premio-600x801.jpg 600w, https:\/\/www.amarantis.es\/wp-content\/uploads\/2020\/08\/Jorge-Premio-225x300.jpg 225w\" sizes=\"auto, (max-width: 610px) 100vw, 610px\" \/><\/figure>\n<\/div>\n<\/div>\n\n\n\n<p>A partir de ese momento empezamos a ampliar nuestra formaci\u00f3n acad\u00e9mica, con estudios y titulaciones tanto en el \u00e1mbito m\u00e1s directamente relacionado con la elaboraci\u00f3n y cata de cerveza, como en el del control de la calidad y sostenibilidad medioambiental, un aspecto que siempre ha sido de vital importancia para nosotros.<\/p>\n\n\n\n<div class=\"wp-block-image\"><figure class=\"aligncenter size-large\"><img loading=\"lazy\" decoding=\"async\" width=\"1024\" height=\"1024\" src=\"https:\/\/www.amarantis.es\/wp-content\/uploads\/2020\/08\/Jorge-Torrevieja-Cerveza-1024x1024.jpg\" alt=\"\" class=\"wp-image-191\" srcset=\"https:\/\/www.amarantis.es\/wp-content\/uploads\/2020\/08\/Jorge-Torrevieja-Cerveza-1024x1024.jpg 1024w, https:\/\/www.amarantis.es\/wp-content\/uploads\/2020\/08\/Jorge-Torrevieja-Cerveza-300x300.jpg 300w, https:\/\/www.amarantis.es\/wp-content\/uploads\/2020\/08\/Jorge-Torrevieja-Cerveza-100x100.jpg 100w, https:\/\/www.amarantis.es\/wp-content\/uploads\/2020\/08\/Jorge-Torrevieja-Cerveza-600x600.jpg 600w, https:\/\/www.amarantis.es\/wp-content\/uploads\/2020\/08\/Jorge-Torrevieja-Cerveza-150x150.jpg 150w, https:\/\/www.amarantis.es\/wp-content\/uploads\/2020\/08\/Jorge-Torrevieja-Cerveza-768x768.jpg 768w, https:\/\/www.amarantis.es\/wp-content\/uploads\/2020\/08\/Jorge-Torrevieja-Cerveza-88x88.jpg 88w, https:\/\/www.amarantis.es\/wp-content\/uploads\/2020\/08\/Jorge-Torrevieja-Cerveza-900x900.jpg 900w, https:\/\/www.amarantis.es\/wp-content\/uploads\/2020\/08\/Jorge-Torrevieja-Cerveza-1280x1280.jpg 1280w, https:\/\/www.amarantis.es\/wp-content\/uploads\/2020\/08\/Jorge-Torrevieja-Cerveza.jpg 1440w\" sizes=\"auto, (max-width: 1024px) 100vw, 1024px\" \/><\/figure><\/div>\n\n\n\n<p>El siguiente paso es este que compartimos ahora con todos vosotros, pero no os preocup\u00e9is porque pronto llegar\u00e1 otro, y otro despu\u00e9s, porque ese es el \u00fanico modo de seguir adelante.<\/p>\n\n\n\n<p><\/p>\n\n\n\n<p><\/p>\n","protected":false},"excerpt":{"rendered":"<p>Somos un par de amantes de la cerveza, intentando hacer realidad un sue\u00f1o que nace de esa pasi\u00f3n. Desde el principio, hemos tenido la suerte de poder probar y conocer cervezas, lugares y sobre todo personas que nos han ido enriqueciendo poco a poco, ampliando nuestro horizonte, pasando de el \u00abyo es que no suelo [&hellip;]<\/p>\n","protected":false},"author":1,"featured_media":0,"parent":0,"menu_order":0,"comment_status":"closed","ping_status":"closed","template":"","meta":{"footnotes":""},"class_list":["post-187","page","type-page","status-publish","hentry"],"yoast_head":"<!-- This site is optimized with the Yoast SEO plugin v27.2 - https:\/\/yoast.com\/product\/yoast-seo-wordpress\/ -->\n<title>Sobre nosotros - Amarantis<\/title>\n<meta name=\"robots\" content=\"index, follow, max-snippet:-1, max-image-preview:large, max-video-preview:-1\" \/>\n<link rel=\"canonical\" href=\"https:\/\/www.amarantis.es\/index.php\/sobre-nosotros\/\" \/>\n<meta property=\"og:locale\" content=\"es_ES\" \/>\n<meta property=\"og:type\" content=\"article\" \/>\n<meta property=\"og:title\" content=\"Sobre nosotros - Amarantis\" \/>\n<meta property=\"og:description\" content=\"Somos un par de amantes de la cerveza, intentando hacer realidad un sue\u00f1o que nace de esa pasi\u00f3n. Desde el principio, hemos tenido la suerte de poder probar y conocer cervezas, lugares y sobre todo personas que nos han ido enriqueciendo poco a poco, ampliando nuestro horizonte, pasando de el \u00abyo es que no suelo [&hellip;]\" \/>\n<meta property=\"og:url\" content=\"https:\/\/www.amarantis.es\/index.php\/sobre-nosotros\/\" \/>\n<meta property=\"og:site_name\" content=\"Amarantis\" \/>\n<meta property=\"article:publisher\" content=\"https:\/\/www.facebook.com\/AmarantisCervezaArtesana\/\" \/>\n<meta property=\"article:modified_time\" content=\"2021-02-09T16:56:41+00:00\" \/>\n<meta property=\"og:image\" content=\"https:\/\/www.amarantis.es\/wp-content\/uploads\/2020\/08\/Caleya.jpg\" \/>\n\t<meta property=\"og:image:width\" content=\"960\" \/>\n\t<meta property=\"og:image:height\" content=\"720\" \/>\n\t<meta property=\"og:image:type\" content=\"image\/jpeg\" \/>\n<meta name=\"twitter:card\" content=\"summary_large_image\" \/>\n<meta name=\"twitter:site\" content=\"@amarantis_beer\" \/>\n<meta name=\"twitter:label1\" content=\"Tiempo de lectura\" \/>\n\t<meta name=\"twitter:data1\" content=\"2 minutos\" \/>\n<script type=\"application\/ld+json\" class=\"yoast-schema-graph\">{\"@context\":\"https:\/\/schema.org\",\"@graph\":[{\"@type\":\"WebPage\",\"@id\":\"https:\/\/www.amarantis.es\/index.php\/sobre-nosotros\/\",\"url\":\"https:\/\/www.amarantis.es\/index.php\/sobre-nosotros\/\",\"name\":\"Sobre nosotros - Amarantis\",\"isPartOf\":{\"@id\":\"https:\/\/www.amarantis.es\/#website\"},\"primaryImageOfPage\":{\"@id\":\"https:\/\/www.amarantis.es\/index.php\/sobre-nosotros\/#primaryimage\"},\"image\":{\"@id\":\"https:\/\/www.amarantis.es\/index.php\/sobre-nosotros\/#primaryimage\"},\"thumbnailUrl\":\"https:\/\/www.amarantis.es\/wp-content\/uploads\/2020\/08\/Caleya-300x225.jpg\",\"datePublished\":\"2020-08-27T12:01:17+00:00\",\"dateModified\":\"2021-02-09T16:56:41+00:00\",\"breadcrumb\":{\"@id\":\"https:\/\/www.amarantis.es\/index.php\/sobre-nosotros\/#breadcrumb\"},\"inLanguage\":\"es\",\"potentialAction\":[{\"@type\":\"ReadAction\",\"target\":[\"https:\/\/www.amarantis.es\/index.php\/sobre-nosotros\/\"]}]},{\"@type\":\"ImageObject\",\"inLanguage\":\"es\",\"@id\":\"https:\/\/www.amarantis.es\/index.php\/sobre-nosotros\/#primaryimage\",\"url\":\"https:\/\/www.amarantis.es\/wp-content\/uploads\/2020\/08\/Caleya.jpg\",\"contentUrl\":\"https:\/\/www.amarantis.es\/wp-content\/uploads\/2020\/08\/Caleya.jpg\",\"width\":960,\"height\":720},{\"@type\":\"BreadcrumbList\",\"@id\":\"https:\/\/www.amarantis.es\/index.php\/sobre-nosotros\/#breadcrumb\",\"itemListElement\":[{\"@type\":\"ListItem\",\"position\":1,\"name\":\"Home\",\"item\":\"https:\/\/www.amarantis.es\/\"},{\"@type\":\"ListItem\",\"position\":2,\"name\":\"Sobre nosotros\"}]},{\"@type\":\"WebSite\",\"@id\":\"https:\/\/www.amarantis.es\/#website\",\"url\":\"https:\/\/www.amarantis.es\/\",\"name\":\"Amarantis\",\"description\":\"Cerveza Artesana\",\"publisher\":{\"@id\":\"https:\/\/www.amarantis.es\/#organization\"},\"potentialAction\":[{\"@type\":\"SearchAction\",\"target\":{\"@type\":\"EntryPoint\",\"urlTemplate\":\"https:\/\/www.amarantis.es\/?s={search_term_string}\"},\"query-input\":{\"@type\":\"PropertyValueSpecification\",\"valueRequired\":true,\"valueName\":\"search_term_string\"}}],\"inLanguage\":\"es\"},{\"@type\":\"Organization\",\"@id\":\"https:\/\/www.amarantis.es\/#organization\",\"name\":\"Amarantis\",\"url\":\"https:\/\/www.amarantis.es\/\",\"logo\":{\"@type\":\"ImageObject\",\"inLanguage\":\"es\",\"@id\":\"https:\/\/www.amarantis.es\/#\/schema\/logo\/image\/\",\"url\":\"https:\/\/www.amarantis.es\/wp-content\/uploads\/2020\/08\/cropped-Logo-Amarantis-Cerveza-Artesana-alargado-1.jpg\",\"contentUrl\":\"https:\/\/www.amarantis.es\/wp-content\/uploads\/2020\/08\/cropped-Logo-Amarantis-Cerveza-Artesana-alargado-1.jpg\",\"width\":1200,\"height\":300,\"caption\":\"Amarantis\"},\"image\":{\"@id\":\"https:\/\/www.amarantis.es\/#\/schema\/logo\/image\/\"},\"sameAs\":[\"https:\/\/www.facebook.com\/AmarantisCervezaArtesana\/\",\"https:\/\/x.com\/amarantis_beer\",\"https:\/\/www.instagram.com\/amarantis_cerveza_artesana\/\"]}]}<\/script>\n<!-- \/ Yoast SEO plugin. -->","yoast_head_json":{"title":"Sobre nosotros - Amarantis","robots":{"index":"index","follow":"follow","max-snippet":"max-snippet:-1","max-image-preview":"max-image-preview:large","max-video-preview":"max-video-preview:-1"},"canonical":"https:\/\/www.amarantis.es\/index.php\/sobre-nosotros\/","og_locale":"es_ES","og_type":"article","og_title":"Sobre nosotros - Amarantis","og_description":"Somos un par de amantes de la cerveza, intentando hacer realidad un sue\u00f1o que nace de esa pasi\u00f3n. Desde el principio, hemos tenido la suerte de poder probar y conocer cervezas, lugares y sobre todo personas que nos han ido enriqueciendo poco a poco, ampliando nuestro horizonte, pasando de el \u00abyo es que no suelo [&hellip;]","og_url":"https:\/\/www.amarantis.es\/index.php\/sobre-nosotros\/","og_site_name":"Amarantis","article_publisher":"https:\/\/www.facebook.com\/AmarantisCervezaArtesana\/","article_modified_time":"2021-02-09T16:56:41+00:00","og_image":[{"width":960,"height":720,"url":"https:\/\/www.amarantis.es\/wp-content\/uploads\/2020\/08\/Caleya.jpg","type":"image\/jpeg"}],"twitter_card":"summary_large_image","twitter_site":"@amarantis_beer","twitter_misc":{"Tiempo de lectura":"2 minutos"},"schema":{"@context":"https:\/\/schema.org","@graph":[{"@type":"WebPage","@id":"https:\/\/www.amarantis.es\/index.php\/sobre-nosotros\/","url":"https:\/\/www.amarantis.es\/index.php\/sobre-nosotros\/","name":"Sobre nosotros - Amarantis","isPartOf":{"@id":"https:\/\/www.amarantis.es\/#website"},"primaryImageOfPage":{"@id":"https:\/\/www.amarantis.es\/index.php\/sobre-nosotros\/#primaryimage"},"image":{"@id":"https:\/\/www.amarantis.es\/index.php\/sobre-nosotros\/#primaryimage"},"thumbnailUrl":"https:\/\/www.amarantis.es\/wp-content\/uploads\/2020\/08\/Caleya-300x225.jpg","datePublished":"2020-08-27T12:01:17+00:00","dateModified":"2021-02-09T16:56:41+00:00","breadcrumb":{"@id":"https:\/\/www.amarantis.es\/index.php\/sobre-nosotros\/#breadcrumb"},"inLanguage":"es","potentialAction":[{"@type":"ReadAction","target":["https:\/\/www.amarantis.es\/index.php\/sobre-nosotros\/"]}]},{"@type":"ImageObject","inLanguage":"es","@id":"https:\/\/www.amarantis.es\/index.php\/sobre-nosotros\/#primaryimage","url":"https:\/\/www.amarantis.es\/wp-content\/uploads\/2020\/08\/Caleya.jpg","contentUrl":"https:\/\/www.amarantis.es\/wp-content\/uploads\/2020\/08\/Caleya.jpg","width":960,"height":720},{"@type":"BreadcrumbList","@id":"https:\/\/www.amarantis.es\/index.php\/sobre-nosotros\/#breadcrumb","itemListElement":[{"@type":"ListItem","position":1,"name":"Home","item":"https:\/\/www.amarantis.es\/"},{"@type":"ListItem","position":2,"name":"Sobre nosotros"}]},{"@type":"WebSite","@id":"https:\/\/www.amarantis.es\/#website","url":"https:\/\/www.amarantis.es\/","name":"Amarantis","description":"Cerveza Artesana","publisher":{"@id":"https:\/\/www.amarantis.es\/#organization"},"potentialAction":[{"@type":"SearchAction","target":{"@type":"EntryPoint","urlTemplate":"https:\/\/www.amarantis.es\/?s={search_term_string}"},"query-input":{"@type":"PropertyValueSpecification","valueRequired":true,"valueName":"search_term_string"}}],"inLanguage":"es"},{"@type":"Organization","@id":"https:\/\/www.amarantis.es\/#organization","name":"Amarantis","url":"https:\/\/www.amarantis.es\/","logo":{"@type":"ImageObject","inLanguage":"es","@id":"https:\/\/www.amarantis.es\/#\/schema\/logo\/image\/","url":"https:\/\/www.amarantis.es\/wp-content\/uploads\/2020\/08\/cropped-Logo-Amarantis-Cerveza-Artesana-alargado-1.jpg","contentUrl":"https:\/\/www.amarantis.es\/wp-content\/uploads\/2020\/08\/cropped-Logo-Amarantis-Cerveza-Artesana-alargado-1.jpg","width":1200,"height":300,"caption":"Amarantis"},"image":{"@id":"https:\/\/www.amarantis.es\/#\/schema\/logo\/image\/"},"sameAs":["https:\/\/www.facebook.com\/AmarantisCervezaArtesana\/","https:\/\/x.com\/amarantis_beer","https:\/\/www.instagram.com\/amarantis_cerveza_artesana\/"]}]}},"_links":{"self":[{"href":"https:\/\/www.amarantis.es\/index.php\/wp-json\/wp\/v2\/pages\/187","targetHints":{"allow":["GET"]}}],"collection":[{"href":"https:\/\/www.amarantis.es\/index.php\/wp-json\/wp\/v2\/pages"}],"about":[{"href":"https:\/\/www.amarantis.es\/index.php\/wp-json\/wp\/v2\/types\/page"}],"author":[{"embeddable":true,"href":"https:\/\/www.amarantis.es\/index.php\/wp-json\/wp\/v2\/users\/1"}],"replies":[{"embeddable":true,"href":"https:\/\/www.amarantis.es\/index.php\/wp-json\/wp\/v2\/comments?post=187"}],"version-history":[{"count":26,"href":"https:\/\/www.amarantis.es\/index.php\/wp-json\/wp\/v2\/pages\/187\/revisions"}],"predecessor-version":[{"id":2256,"href":"https:\/\/www.amarantis.es\/index.php\/wp-json\/wp\/v2\/pages\/187\/revisions\/2256"}],"wp:attachment":[{"href":"https:\/\/www.amarantis.es\/index.php\/wp-json\/wp\/v2\/media?parent=187"}],"curies":[{"name":"wp","href":"https:\/\/api.w.org\/{rel}","templated":true}]}}