{"id":217,"date":"2020-08-30T11:05:45","date_gmt":"2020-08-30T11:05:45","guid":{"rendered":"https:\/\/www.amarantis.es\/?page_id=217"},"modified":"2026-03-25T12:36:23","modified_gmt":"2026-03-25T11:36:23","slug":"la-rubia-kelly","status":"publish","type":"page","link":"https:\/\/www.amarantis.es\/index.php\/te-apetece-una-birra\/la-rubia-kelly\/","title":{"rendered":"La Rubia Kelly"},"content":{"rendered":"\n<p>Cerveza Artesana estilo Belgian Blond Ale.<\/p>\n\n\n\n<p>De color dorado y espuma blanca y ligera. Su aroma es especiado y frutal, destacando un sutil aroma a pl\u00e1tano debido a la malta de trigo, que le aporta un toque distintivo nada m\u00e1s servirla.<\/p>\n\n\n\n<p>De cuerpo medio, desde el primer trago el l\u00fapulo cede todo el protagonismo a las maltas, cuyo sabor se integra perfectamente con las notas frescas de la levadura. <\/p>\n\n\n\n<figure class=\"wp-block-image size-large\"><img loading=\"lazy\" decoding=\"async\" width=\"1024\" height=\"751\" src=\"https:\/\/www.amarantis.es\/wp-content\/uploads\/2020\/08\/Rubia-Patio-1024x751.jpg\" alt=\"\" class=\"wp-image-230\" srcset=\"https:\/\/www.amarantis.es\/wp-content\/uploads\/2020\/08\/Rubia-Patio-1024x751.jpg 1024w, https:\/\/www.amarantis.es\/wp-content\/uploads\/2020\/08\/Rubia-Patio-300x220.jpg 300w, https:\/\/www.amarantis.es\/wp-content\/uploads\/2020\/08\/Rubia-Patio-600x440.jpg 600w, https:\/\/www.amarantis.es\/wp-content\/uploads\/2020\/08\/Rubia-Patio-768x564.jpg 768w, https:\/\/www.amarantis.es\/wp-content\/uploads\/2020\/08\/Rubia-Patio-900x660.jpg 900w, https:\/\/www.amarantis.es\/wp-content\/uploads\/2020\/08\/Rubia-Patio.jpg 1052w\" sizes=\"auto, (max-width: 1024px) 100vw, 1024px\" \/><\/figure>\n\n\n\n<div class=\"wp-block-buttons is-layout-flex wp-block-buttons-is-layout-flex\">\n<div class=\"wp-block-button\"><a class=\"wp-block-button__link has-blush-bordeaux-gradient-background has-background wp-element-button\" href=\"https:\/\/www.amarantis.es\/index.php\/comienza-el-viaje\/\">Ver en la tienda<\/a><\/div>\n<\/div>\n","protected":false},"excerpt":{"rendered":"<p>Cerveza Artesana estilo Belgian Blond Ale. De color dorado y espuma blanca y ligera. Su aroma es especiado y frutal, destacando un sutil aroma a pl\u00e1tano debido a la malta de trigo, que le aporta un toque distintivo nada m\u00e1s servirla. De cuerpo medio, desde el primer trago el l\u00fapulo cede todo el protagonismo a [&hellip;]<\/p>\n","protected":false},"author":1,"featured_media":0,"parent":148,"menu_order":0,"comment_status":"closed","ping_status":"closed","template":"","meta":{"footnotes":""},"class_list":["post-217","page","type-page","status-publish","hentry"],"yoast_head":"<!-- This site is optimized with the Yoast SEO plugin v27.2 - https:\/\/yoast.com\/product\/yoast-seo-wordpress\/ -->\n<title>La Rubia Kelly - Amarantis<\/title>\n<meta name=\"robots\" content=\"index, follow, max-snippet:-1, max-image-preview:large, max-video-preview:-1\" \/>\n<link rel=\"canonical\" href=\"https:\/\/www.amarantis.es\/index.php\/te-apetece-una-birra\/la-rubia-kelly\/\" \/>\n<meta property=\"og:locale\" content=\"es_ES\" \/>\n<meta property=\"og:type\" content=\"article\" \/>\n<meta property=\"og:title\" content=\"La Rubia Kelly - Amarantis\" \/>\n<meta property=\"og:description\" content=\"Cerveza Artesana estilo Belgian Blond Ale. De color dorado y espuma blanca y ligera. Su aroma es especiado y frutal, destacando un sutil aroma a pl\u00e1tano debido a la malta de trigo, que le aporta un toque distintivo nada m\u00e1s servirla. De cuerpo medio, desde el primer trago el l\u00fapulo cede todo el protagonismo a [&hellip;]\" \/>\n<meta property=\"og:url\" content=\"https:\/\/www.amarantis.es\/index.php\/te-apetece-una-birra\/la-rubia-kelly\/\" \/>\n<meta property=\"og:site_name\" content=\"Amarantis\" \/>\n<meta property=\"article:publisher\" content=\"https:\/\/www.facebook.com\/AmarantisCervezaArtesana\/\" \/>\n<meta property=\"article:modified_time\" content=\"2026-03-25T11:36:23+00:00\" \/>\n<meta property=\"og:image\" content=\"https:\/\/www.amarantis.es\/wp-content\/uploads\/2020\/08\/Rubia-Patio.jpg\" \/>\n\t<meta property=\"og:image:width\" content=\"1052\" \/>\n\t<meta property=\"og:image:height\" content=\"772\" \/>\n\t<meta property=\"og:image:type\" content=\"image\/jpeg\" \/>\n<meta name=\"twitter:card\" content=\"summary_large_image\" \/>\n<meta name=\"twitter:site\" content=\"@amarantis_beer\" \/>\n<meta name=\"twitter:label1\" content=\"Tiempo de lectura\" \/>\n\t<meta name=\"twitter:data1\" content=\"1 minuto\" \/>\n<script type=\"application\/ld+json\" class=\"yoast-schema-graph\">{\"@context\":\"https:\/\/schema.org\",\"@graph\":[{\"@type\":\"WebPage\",\"@id\":\"https:\/\/www.amarantis.es\/index.php\/te-apetece-una-birra\/la-rubia-kelly\/\",\"url\":\"https:\/\/www.amarantis.es\/index.php\/te-apetece-una-birra\/la-rubia-kelly\/\",\"name\":\"La Rubia Kelly - Amarantis\",\"isPartOf\":{\"@id\":\"https:\/\/www.amarantis.es\/#website\"},\"primaryImageOfPage\":{\"@id\":\"https:\/\/www.amarantis.es\/index.php\/te-apetece-una-birra\/la-rubia-kelly\/#primaryimage\"},\"image\":{\"@id\":\"https:\/\/www.amarantis.es\/index.php\/te-apetece-una-birra\/la-rubia-kelly\/#primaryimage\"},\"thumbnailUrl\":\"https:\/\/www.amarantis.es\/wp-content\/uploads\/2020\/08\/Rubia-Patio-1024x751.jpg\",\"datePublished\":\"2020-08-30T11:05:45+00:00\",\"dateModified\":\"2026-03-25T11:36:23+00:00\",\"breadcrumb\":{\"@id\":\"https:\/\/www.amarantis.es\/index.php\/te-apetece-una-birra\/la-rubia-kelly\/#breadcrumb\"},\"inLanguage\":\"es\",\"potentialAction\":[{\"@type\":\"ReadAction\",\"target\":[\"https:\/\/www.amarantis.es\/index.php\/te-apetece-una-birra\/la-rubia-kelly\/\"]}]},{\"@type\":\"ImageObject\",\"inLanguage\":\"es\",\"@id\":\"https:\/\/www.amarantis.es\/index.php\/te-apetece-una-birra\/la-rubia-kelly\/#primaryimage\",\"url\":\"https:\/\/www.amarantis.es\/wp-content\/uploads\/2020\/08\/Rubia-Patio.jpg\",\"contentUrl\":\"https:\/\/www.amarantis.es\/wp-content\/uploads\/2020\/08\/Rubia-Patio.jpg\",\"width\":1052,\"height\":772},{\"@type\":\"BreadcrumbList\",\"@id\":\"https:\/\/www.amarantis.es\/index.php\/te-apetece-una-birra\/la-rubia-kelly\/#breadcrumb\",\"itemListElement\":[{\"@type\":\"ListItem\",\"position\":1,\"name\":\"Home\",\"item\":\"https:\/\/www.amarantis.es\/\"},{\"@type\":\"ListItem\",\"position\":2,\"name\":\"\u00bfTe apetece una birra?\",\"item\":\"https:\/\/www.amarantis.es\/index.php\/te-apetece-una-birra\/\"},{\"@type\":\"ListItem\",\"position\":3,\"name\":\"La Rubia Kelly\"}]},{\"@type\":\"WebSite\",\"@id\":\"https:\/\/www.amarantis.es\/#website\",\"url\":\"https:\/\/www.amarantis.es\/\",\"name\":\"Amarantis\",\"description\":\"Cerveza Artesana\",\"publisher\":{\"@id\":\"https:\/\/www.amarantis.es\/#organization\"},\"potentialAction\":[{\"@type\":\"SearchAction\",\"target\":{\"@type\":\"EntryPoint\",\"urlTemplate\":\"https:\/\/www.amarantis.es\/?s={search_term_string}\"},\"query-input\":{\"@type\":\"PropertyValueSpecification\",\"valueRequired\":true,\"valueName\":\"search_term_string\"}}],\"inLanguage\":\"es\"},{\"@type\":\"Organization\",\"@id\":\"https:\/\/www.amarantis.es\/#organization\",\"name\":\"Amarantis\",\"url\":\"https:\/\/www.amarantis.es\/\",\"logo\":{\"@type\":\"ImageObject\",\"inLanguage\":\"es\",\"@id\":\"https:\/\/www.amarantis.es\/#\/schema\/logo\/image\/\",\"url\":\"https:\/\/www.amarantis.es\/wp-content\/uploads\/2020\/08\/cropped-Logo-Amarantis-Cerveza-Artesana-alargado-1.jpg\",\"contentUrl\":\"https:\/\/www.amarantis.es\/wp-content\/uploads\/2020\/08\/cropped-Logo-Amarantis-Cerveza-Artesana-alargado-1.jpg\",\"width\":1200,\"height\":300,\"caption\":\"Amarantis\"},\"image\":{\"@id\":\"https:\/\/www.amarantis.es\/#\/schema\/logo\/image\/\"},\"sameAs\":[\"https:\/\/www.facebook.com\/AmarantisCervezaArtesana\/\",\"https:\/\/x.com\/amarantis_beer\",\"https:\/\/www.instagram.com\/amarantis_cerveza_artesana\/\"]}]}<\/script>\n<!-- \/ Yoast SEO plugin. -->","yoast_head_json":{"title":"La Rubia Kelly - Amarantis","robots":{"index":"index","follow":"follow","max-snippet":"max-snippet:-1","max-image-preview":"max-image-preview:large","max-video-preview":"max-video-preview:-1"},"canonical":"https:\/\/www.amarantis.es\/index.php\/te-apetece-una-birra\/la-rubia-kelly\/","og_locale":"es_ES","og_type":"article","og_title":"La Rubia Kelly - Amarantis","og_description":"Cerveza Artesana estilo Belgian Blond Ale. De color dorado y espuma blanca y ligera. Su aroma es especiado y frutal, destacando un sutil aroma a pl\u00e1tano debido a la malta de trigo, que le aporta un toque distintivo nada m\u00e1s servirla. De cuerpo medio, desde el primer trago el l\u00fapulo cede todo el protagonismo a [&hellip;]","og_url":"https:\/\/www.amarantis.es\/index.php\/te-apetece-una-birra\/la-rubia-kelly\/","og_site_name":"Amarantis","article_publisher":"https:\/\/www.facebook.com\/AmarantisCervezaArtesana\/","article_modified_time":"2026-03-25T11:36:23+00:00","og_image":[{"width":1052,"height":772,"url":"https:\/\/www.amarantis.es\/wp-content\/uploads\/2020\/08\/Rubia-Patio.jpg","type":"image\/jpeg"}],"twitter_card":"summary_large_image","twitter_site":"@amarantis_beer","twitter_misc":{"Tiempo de lectura":"1 minuto"},"schema":{"@context":"https:\/\/schema.org","@graph":[{"@type":"WebPage","@id":"https:\/\/www.amarantis.es\/index.php\/te-apetece-una-birra\/la-rubia-kelly\/","url":"https:\/\/www.amarantis.es\/index.php\/te-apetece-una-birra\/la-rubia-kelly\/","name":"La Rubia Kelly - Amarantis","isPartOf":{"@id":"https:\/\/www.amarantis.es\/#website"},"primaryImageOfPage":{"@id":"https:\/\/www.amarantis.es\/index.php\/te-apetece-una-birra\/la-rubia-kelly\/#primaryimage"},"image":{"@id":"https:\/\/www.amarantis.es\/index.php\/te-apetece-una-birra\/la-rubia-kelly\/#primaryimage"},"thumbnailUrl":"https:\/\/www.amarantis.es\/wp-content\/uploads\/2020\/08\/Rubia-Patio-1024x751.jpg","datePublished":"2020-08-30T11:05:45+00:00","dateModified":"2026-03-25T11:36:23+00:00","breadcrumb":{"@id":"https:\/\/www.amarantis.es\/index.php\/te-apetece-una-birra\/la-rubia-kelly\/#breadcrumb"},"inLanguage":"es","potentialAction":[{"@type":"ReadAction","target":["https:\/\/www.amarantis.es\/index.php\/te-apetece-una-birra\/la-rubia-kelly\/"]}]},{"@type":"ImageObject","inLanguage":"es","@id":"https:\/\/www.amarantis.es\/index.php\/te-apetece-una-birra\/la-rubia-kelly\/#primaryimage","url":"https:\/\/www.amarantis.es\/wp-content\/uploads\/2020\/08\/Rubia-Patio.jpg","contentUrl":"https:\/\/www.amarantis.es\/wp-content\/uploads\/2020\/08\/Rubia-Patio.jpg","width":1052,"height":772},{"@type":"BreadcrumbList","@id":"https:\/\/www.amarantis.es\/index.php\/te-apetece-una-birra\/la-rubia-kelly\/#breadcrumb","itemListElement":[{"@type":"ListItem","position":1,"name":"Home","item":"https:\/\/www.amarantis.es\/"},{"@type":"ListItem","position":2,"name":"\u00bfTe apetece una birra?","item":"https:\/\/www.amarantis.es\/index.php\/te-apetece-una-birra\/"},{"@type":"ListItem","position":3,"name":"La Rubia Kelly"}]},{"@type":"WebSite","@id":"https:\/\/www.amarantis.es\/#website","url":"https:\/\/www.amarantis.es\/","name":"Amarantis","description":"Cerveza Artesana","publisher":{"@id":"https:\/\/www.amarantis.es\/#organization"},"potentialAction":[{"@type":"SearchAction","target":{"@type":"EntryPoint","urlTemplate":"https:\/\/www.amarantis.es\/?s={search_term_string}"},"query-input":{"@type":"PropertyValueSpecification","valueRequired":true,"valueName":"search_term_string"}}],"inLanguage":"es"},{"@type":"Organization","@id":"https:\/\/www.amarantis.es\/#organization","name":"Amarantis","url":"https:\/\/www.amarantis.es\/","logo":{"@type":"ImageObject","inLanguage":"es","@id":"https:\/\/www.amarantis.es\/#\/schema\/logo\/image\/","url":"https:\/\/www.amarantis.es\/wp-content\/uploads\/2020\/08\/cropped-Logo-Amarantis-Cerveza-Artesana-alargado-1.jpg","contentUrl":"https:\/\/www.amarantis.es\/wp-content\/uploads\/2020\/08\/cropped-Logo-Amarantis-Cerveza-Artesana-alargado-1.jpg","width":1200,"height":300,"caption":"Amarantis"},"image":{"@id":"https:\/\/www.amarantis.es\/#\/schema\/logo\/image\/"},"sameAs":["https:\/\/www.facebook.com\/AmarantisCervezaArtesana\/","https:\/\/x.com\/amarantis_beer","https:\/\/www.instagram.com\/amarantis_cerveza_artesana\/"]}]}},"_links":{"self":[{"href":"https:\/\/www.amarantis.es\/index.php\/wp-json\/wp\/v2\/pages\/217","targetHints":{"allow":["GET"]}}],"collection":[{"href":"https:\/\/www.amarantis.es\/index.php\/wp-json\/wp\/v2\/pages"}],"about":[{"href":"https:\/\/www.amarantis.es\/index.php\/wp-json\/wp\/v2\/types\/page"}],"author":[{"embeddable":true,"href":"https:\/\/www.amarantis.es\/index.php\/wp-json\/wp\/v2\/users\/1"}],"replies":[{"embeddable":true,"href":"https:\/\/www.amarantis.es\/index.php\/wp-json\/wp\/v2\/comments?post=217"}],"version-history":[{"count":9,"href":"https:\/\/www.amarantis.es\/index.php\/wp-json\/wp\/v2\/pages\/217\/revisions"}],"predecessor-version":[{"id":22010,"href":"https:\/\/www.amarantis.es\/index.php\/wp-json\/wp\/v2\/pages\/217\/revisions\/22010"}],"up":[{"embeddable":true,"href":"https:\/\/www.amarantis.es\/index.php\/wp-json\/wp\/v2\/pages\/148"}],"wp:attachment":[{"href":"https:\/\/www.amarantis.es\/index.php\/wp-json\/wp\/v2\/media?parent=217"}],"curies":[{"name":"wp","href":"https:\/\/api.w.org\/{rel}","templated":true}]}}