{"id":233,"date":"2020-08-30T11:43:27","date_gmt":"2020-08-30T11:43:27","guid":{"rendered":"https:\/\/www.amarantis.es\/?page_id=233"},"modified":"2026-03-25T12:34:29","modified_gmt":"2026-03-25T11:34:29","slug":"bicho-porter","status":"publish","type":"page","link":"https:\/\/www.amarantis.es\/index.php\/te-apetece-una-birra\/bicho-porter\/","title":{"rendered":"Bicho Porter"},"content":{"rendered":"\n<p>Cerveza Artesana estilo Coffee Porter.<\/p>\n\n\n\n<p class=\"has-medium-font-size\"><\/p>\n\n\n\n<p>De color oscuro con reflejos rub\u00ed y espuma sedosa color canela. Aroma a caf\u00e9 con notas de chocolate amargo y pan tostado, permaneciendo de fondo el aroma dulce propio del estilo.<\/p>\n\n\n\n<p>Sabor a caf\u00e9 en boca, con entrada suave y final amargo que recuerda a torrefacto. Equilibrada entre las maltas y el l\u00fapulo, que resulta bajo en aroma y en boca. <\/p>\n\n\n\n<p>Presenta una palatabilidad suave que favorece el protagonismo de las maltas.<\/p>\n\n\n\n<figure class=\"wp-block-image size-large\"><img loading=\"lazy\" decoding=\"async\" width=\"1024\" height=\"683\" src=\"https:\/\/www.amarantis.es\/wp-content\/uploads\/2022\/12\/IMG_0705-1024x683.jpg\" alt=\"\" class=\"wp-image-16968\" srcset=\"https:\/\/www.amarantis.es\/wp-content\/uploads\/2022\/12\/IMG_0705-1024x683.jpg 1024w, https:\/\/www.amarantis.es\/wp-content\/uploads\/2022\/12\/IMG_0705-300x200.jpg 300w, https:\/\/www.amarantis.es\/wp-content\/uploads\/2022\/12\/IMG_0705-768x512.jpg 768w, https:\/\/www.amarantis.es\/wp-content\/uploads\/2022\/12\/IMG_0705-1536x1024.jpg 1536w, https:\/\/www.amarantis.es\/wp-content\/uploads\/2022\/12\/IMG_0705-2048x1365.jpg 2048w, https:\/\/www.amarantis.es\/wp-content\/uploads\/2022\/12\/IMG_0705-600x400.jpg 600w\" sizes=\"auto, (max-width: 1024px) 100vw, 1024px\" \/><\/figure>\n\n\n\n<div class=\"wp-block-buttons is-layout-flex wp-block-buttons-is-layout-flex\">\n<div class=\"wp-block-button\"><a class=\"wp-block-button__link has-background wp-element-button\" href=\"https:\/\/www.amarantis.es\/index.php\/comienza-el-viaje\/\" style=\"background:linear-gradient(90deg,rgb(254,205,165) 0%,rgb(254,45,45) 50%,rgb(107,0,62) 100%)\">Ver en la tienda<\/a><\/div>\n<\/div>\n\n\n\n<p><\/p>\n","protected":false},"excerpt":{"rendered":"<p>Cerveza Artesana estilo Coffee Porter. De color oscuro con reflejos rub\u00ed y espuma sedosa color canela. Aroma a caf\u00e9 con notas de chocolate amargo y pan tostado, permaneciendo de fondo el aroma dulce propio del estilo. Sabor a caf\u00e9 en boca, con entrada suave y final amargo que recuerda a torrefacto. Equilibrada entre las maltas [&hellip;]<\/p>\n","protected":false},"author":1,"featured_media":0,"parent":148,"menu_order":0,"comment_status":"closed","ping_status":"closed","template":"","meta":{"footnotes":""},"class_list":["post-233","page","type-page","status-publish","hentry"],"yoast_head":"<!-- This site is optimized with the Yoast SEO plugin v27.2 - https:\/\/yoast.com\/product\/yoast-seo-wordpress\/ -->\n<title>Bicho Porter - Amarantis<\/title>\n<meta name=\"robots\" content=\"index, follow, max-snippet:-1, max-image-preview:large, max-video-preview:-1\" \/>\n<link rel=\"canonical\" href=\"https:\/\/www.amarantis.es\/index.php\/te-apetece-una-birra\/bicho-porter\/\" \/>\n<meta property=\"og:locale\" content=\"es_ES\" \/>\n<meta property=\"og:type\" content=\"article\" \/>\n<meta property=\"og:title\" content=\"Bicho Porter - Amarantis\" \/>\n<meta property=\"og:description\" content=\"Cerveza Artesana estilo Coffee Porter. De color oscuro con reflejos rub\u00ed y espuma sedosa color canela. Aroma a caf\u00e9 con notas de chocolate amargo y pan tostado, permaneciendo de fondo el aroma dulce propio del estilo. Sabor a caf\u00e9 en boca, con entrada suave y final amargo que recuerda a torrefacto. Equilibrada entre las maltas [&hellip;]\" \/>\n<meta property=\"og:url\" content=\"https:\/\/www.amarantis.es\/index.php\/te-apetece-una-birra\/bicho-porter\/\" \/>\n<meta property=\"og:site_name\" content=\"Amarantis\" \/>\n<meta property=\"article:publisher\" content=\"https:\/\/www.facebook.com\/AmarantisCervezaArtesana\/\" \/>\n<meta property=\"article:modified_time\" content=\"2026-03-25T11:34:29+00:00\" \/>\n<meta property=\"og:image\" content=\"https:\/\/www.amarantis.es\/wp-content\/uploads\/2022\/12\/IMG_0705-scaled.jpg\" \/>\n\t<meta property=\"og:image:width\" content=\"2560\" \/>\n\t<meta property=\"og:image:height\" content=\"1707\" \/>\n\t<meta property=\"og:image:type\" content=\"image\/jpeg\" \/>\n<meta name=\"twitter:card\" content=\"summary_large_image\" \/>\n<meta name=\"twitter:site\" content=\"@amarantis_beer\" \/>\n<meta name=\"twitter:label1\" content=\"Tiempo de lectura\" \/>\n\t<meta name=\"twitter:data1\" content=\"1 minuto\" \/>\n<script type=\"application\/ld+json\" class=\"yoast-schema-graph\">{\"@context\":\"https:\/\/schema.org\",\"@graph\":[{\"@type\":\"WebPage\",\"@id\":\"https:\/\/www.amarantis.es\/index.php\/te-apetece-una-birra\/bicho-porter\/\",\"url\":\"https:\/\/www.amarantis.es\/index.php\/te-apetece-una-birra\/bicho-porter\/\",\"name\":\"Bicho Porter - Amarantis\",\"isPartOf\":{\"@id\":\"https:\/\/www.amarantis.es\/#website\"},\"primaryImageOfPage\":{\"@id\":\"https:\/\/www.amarantis.es\/index.php\/te-apetece-una-birra\/bicho-porter\/#primaryimage\"},\"image\":{\"@id\":\"https:\/\/www.amarantis.es\/index.php\/te-apetece-una-birra\/bicho-porter\/#primaryimage\"},\"thumbnailUrl\":\"https:\/\/www.amarantis.es\/wp-content\/uploads\/2022\/12\/IMG_0705-1024x683.jpg\",\"datePublished\":\"2020-08-30T11:43:27+00:00\",\"dateModified\":\"2026-03-25T11:34:29+00:00\",\"breadcrumb\":{\"@id\":\"https:\/\/www.amarantis.es\/index.php\/te-apetece-una-birra\/bicho-porter\/#breadcrumb\"},\"inLanguage\":\"es\",\"potentialAction\":[{\"@type\":\"ReadAction\",\"target\":[\"https:\/\/www.amarantis.es\/index.php\/te-apetece-una-birra\/bicho-porter\/\"]}]},{\"@type\":\"ImageObject\",\"inLanguage\":\"es\",\"@id\":\"https:\/\/www.amarantis.es\/index.php\/te-apetece-una-birra\/bicho-porter\/#primaryimage\",\"url\":\"https:\/\/www.amarantis.es\/wp-content\/uploads\/2022\/12\/IMG_0705-scaled.jpg\",\"contentUrl\":\"https:\/\/www.amarantis.es\/wp-content\/uploads\/2022\/12\/IMG_0705-scaled.jpg\",\"width\":2560,\"height\":1707},{\"@type\":\"BreadcrumbList\",\"@id\":\"https:\/\/www.amarantis.es\/index.php\/te-apetece-una-birra\/bicho-porter\/#breadcrumb\",\"itemListElement\":[{\"@type\":\"ListItem\",\"position\":1,\"name\":\"Home\",\"item\":\"https:\/\/www.amarantis.es\/\"},{\"@type\":\"ListItem\",\"position\":2,\"name\":\"\u00bfTe apetece una birra?\",\"item\":\"https:\/\/www.amarantis.es\/index.php\/te-apetece-una-birra\/\"},{\"@type\":\"ListItem\",\"position\":3,\"name\":\"Bicho Porter\"}]},{\"@type\":\"WebSite\",\"@id\":\"https:\/\/www.amarantis.es\/#website\",\"url\":\"https:\/\/www.amarantis.es\/\",\"name\":\"Amarantis\",\"description\":\"Cerveza Artesana\",\"publisher\":{\"@id\":\"https:\/\/www.amarantis.es\/#organization\"},\"potentialAction\":[{\"@type\":\"SearchAction\",\"target\":{\"@type\":\"EntryPoint\",\"urlTemplate\":\"https:\/\/www.amarantis.es\/?s={search_term_string}\"},\"query-input\":{\"@type\":\"PropertyValueSpecification\",\"valueRequired\":true,\"valueName\":\"search_term_string\"}}],\"inLanguage\":\"es\"},{\"@type\":\"Organization\",\"@id\":\"https:\/\/www.amarantis.es\/#organization\",\"name\":\"Amarantis\",\"url\":\"https:\/\/www.amarantis.es\/\",\"logo\":{\"@type\":\"ImageObject\",\"inLanguage\":\"es\",\"@id\":\"https:\/\/www.amarantis.es\/#\/schema\/logo\/image\/\",\"url\":\"https:\/\/www.amarantis.es\/wp-content\/uploads\/2020\/08\/cropped-Logo-Amarantis-Cerveza-Artesana-alargado-1.jpg\",\"contentUrl\":\"https:\/\/www.amarantis.es\/wp-content\/uploads\/2020\/08\/cropped-Logo-Amarantis-Cerveza-Artesana-alargado-1.jpg\",\"width\":1200,\"height\":300,\"caption\":\"Amarantis\"},\"image\":{\"@id\":\"https:\/\/www.amarantis.es\/#\/schema\/logo\/image\/\"},\"sameAs\":[\"https:\/\/www.facebook.com\/AmarantisCervezaArtesana\/\",\"https:\/\/x.com\/amarantis_beer\",\"https:\/\/www.instagram.com\/amarantis_cerveza_artesana\/\"]}]}<\/script>\n<!-- \/ Yoast SEO plugin. -->","yoast_head_json":{"title":"Bicho Porter - Amarantis","robots":{"index":"index","follow":"follow","max-snippet":"max-snippet:-1","max-image-preview":"max-image-preview:large","max-video-preview":"max-video-preview:-1"},"canonical":"https:\/\/www.amarantis.es\/index.php\/te-apetece-una-birra\/bicho-porter\/","og_locale":"es_ES","og_type":"article","og_title":"Bicho Porter - Amarantis","og_description":"Cerveza Artesana estilo Coffee Porter. De color oscuro con reflejos rub\u00ed y espuma sedosa color canela. Aroma a caf\u00e9 con notas de chocolate amargo y pan tostado, permaneciendo de fondo el aroma dulce propio del estilo. Sabor a caf\u00e9 en boca, con entrada suave y final amargo que recuerda a torrefacto. Equilibrada entre las maltas [&hellip;]","og_url":"https:\/\/www.amarantis.es\/index.php\/te-apetece-una-birra\/bicho-porter\/","og_site_name":"Amarantis","article_publisher":"https:\/\/www.facebook.com\/AmarantisCervezaArtesana\/","article_modified_time":"2026-03-25T11:34:29+00:00","og_image":[{"width":2560,"height":1707,"url":"https:\/\/www.amarantis.es\/wp-content\/uploads\/2022\/12\/IMG_0705-scaled.jpg","type":"image\/jpeg"}],"twitter_card":"summary_large_image","twitter_site":"@amarantis_beer","twitter_misc":{"Tiempo de lectura":"1 minuto"},"schema":{"@context":"https:\/\/schema.org","@graph":[{"@type":"WebPage","@id":"https:\/\/www.amarantis.es\/index.php\/te-apetece-una-birra\/bicho-porter\/","url":"https:\/\/www.amarantis.es\/index.php\/te-apetece-una-birra\/bicho-porter\/","name":"Bicho Porter - Amarantis","isPartOf":{"@id":"https:\/\/www.amarantis.es\/#website"},"primaryImageOfPage":{"@id":"https:\/\/www.amarantis.es\/index.php\/te-apetece-una-birra\/bicho-porter\/#primaryimage"},"image":{"@id":"https:\/\/www.amarantis.es\/index.php\/te-apetece-una-birra\/bicho-porter\/#primaryimage"},"thumbnailUrl":"https:\/\/www.amarantis.es\/wp-content\/uploads\/2022\/12\/IMG_0705-1024x683.jpg","datePublished":"2020-08-30T11:43:27+00:00","dateModified":"2026-03-25T11:34:29+00:00","breadcrumb":{"@id":"https:\/\/www.amarantis.es\/index.php\/te-apetece-una-birra\/bicho-porter\/#breadcrumb"},"inLanguage":"es","potentialAction":[{"@type":"ReadAction","target":["https:\/\/www.amarantis.es\/index.php\/te-apetece-una-birra\/bicho-porter\/"]}]},{"@type":"ImageObject","inLanguage":"es","@id":"https:\/\/www.amarantis.es\/index.php\/te-apetece-una-birra\/bicho-porter\/#primaryimage","url":"https:\/\/www.amarantis.es\/wp-content\/uploads\/2022\/12\/IMG_0705-scaled.jpg","contentUrl":"https:\/\/www.amarantis.es\/wp-content\/uploads\/2022\/12\/IMG_0705-scaled.jpg","width":2560,"height":1707},{"@type":"BreadcrumbList","@id":"https:\/\/www.amarantis.es\/index.php\/te-apetece-una-birra\/bicho-porter\/#breadcrumb","itemListElement":[{"@type":"ListItem","position":1,"name":"Home","item":"https:\/\/www.amarantis.es\/"},{"@type":"ListItem","position":2,"name":"\u00bfTe apetece una birra?","item":"https:\/\/www.amarantis.es\/index.php\/te-apetece-una-birra\/"},{"@type":"ListItem","position":3,"name":"Bicho Porter"}]},{"@type":"WebSite","@id":"https:\/\/www.amarantis.es\/#website","url":"https:\/\/www.amarantis.es\/","name":"Amarantis","description":"Cerveza Artesana","publisher":{"@id":"https:\/\/www.amarantis.es\/#organization"},"potentialAction":[{"@type":"SearchAction","target":{"@type":"EntryPoint","urlTemplate":"https:\/\/www.amarantis.es\/?s={search_term_string}"},"query-input":{"@type":"PropertyValueSpecification","valueRequired":true,"valueName":"search_term_string"}}],"inLanguage":"es"},{"@type":"Organization","@id":"https:\/\/www.amarantis.es\/#organization","name":"Amarantis","url":"https:\/\/www.amarantis.es\/","logo":{"@type":"ImageObject","inLanguage":"es","@id":"https:\/\/www.amarantis.es\/#\/schema\/logo\/image\/","url":"https:\/\/www.amarantis.es\/wp-content\/uploads\/2020\/08\/cropped-Logo-Amarantis-Cerveza-Artesana-alargado-1.jpg","contentUrl":"https:\/\/www.amarantis.es\/wp-content\/uploads\/2020\/08\/cropped-Logo-Amarantis-Cerveza-Artesana-alargado-1.jpg","width":1200,"height":300,"caption":"Amarantis"},"image":{"@id":"https:\/\/www.amarantis.es\/#\/schema\/logo\/image\/"},"sameAs":["https:\/\/www.facebook.com\/AmarantisCervezaArtesana\/","https:\/\/x.com\/amarantis_beer","https:\/\/www.instagram.com\/amarantis_cerveza_artesana\/"]}]}},"_links":{"self":[{"href":"https:\/\/www.amarantis.es\/index.php\/wp-json\/wp\/v2\/pages\/233","targetHints":{"allow":["GET"]}}],"collection":[{"href":"https:\/\/www.amarantis.es\/index.php\/wp-json\/wp\/v2\/pages"}],"about":[{"href":"https:\/\/www.amarantis.es\/index.php\/wp-json\/wp\/v2\/types\/page"}],"author":[{"embeddable":true,"href":"https:\/\/www.amarantis.es\/index.php\/wp-json\/wp\/v2\/users\/1"}],"replies":[{"embeddable":true,"href":"https:\/\/www.amarantis.es\/index.php\/wp-json\/wp\/v2\/comments?post=233"}],"version-history":[{"count":12,"href":"https:\/\/www.amarantis.es\/index.php\/wp-json\/wp\/v2\/pages\/233\/revisions"}],"predecessor-version":[{"id":22008,"href":"https:\/\/www.amarantis.es\/index.php\/wp-json\/wp\/v2\/pages\/233\/revisions\/22008"}],"up":[{"embeddable":true,"href":"https:\/\/www.amarantis.es\/index.php\/wp-json\/wp\/v2\/pages\/148"}],"wp:attachment":[{"href":"https:\/\/www.amarantis.es\/index.php\/wp-json\/wp\/v2\/media?parent=233"}],"curies":[{"name":"wp","href":"https:\/\/api.w.org\/{rel}","templated":true}]}}