{"id":28,"date":"2020-07-16T16:18:04","date_gmt":"2020-07-16T16:18:04","guid":{"rendered":"https:\/\/www.amarantis.es\/?page_id=28"},"modified":"2020-11-15T19:39:48","modified_gmt":"2020-11-15T18:39:48","slug":"nombres-con-historia","status":"publish","type":"page","link":"https:\/\/www.amarantis.es\/index.php\/nombres-con-historia\/","title":{"rendered":"Nombres con Historia"},"content":{"rendered":"\n<p>Desde el principio tuvimos claro que Amarantis era mucho m\u00e1s que dos locos apasionados por la cerveza. Y que mejor homenaje que dedicar nuestras cervezas a los miembros m\u00e1s locos y adorables de esta familia.<\/p>\n\n\n\n<h3 class=\"has-black-color has-text-color wp-block-heading\"><a href=\"https:\/\/www.amarantis.es\/index.php\/nombres-con-historia\/kelly-la-rubia\/\"><span class=\"has-inline-color has-black-color\"><em>Kelly la Rubia<\/em><\/span><\/a><\/h3>\n\n\n\n<p><a href=\"https:\/\/www.amarantis.es\/index.php\/nombres-con-historia\/kelly-la-rubia\/\"><span class=\"has-inline-color has-black-color\"><em>Kelly es una locuela adorable, que aprovecha cualquier momento para echarse una buena siesta&#8230;<\/em><\/span><\/a><\/p>\n\n\n\n<figure class=\"wp-block-image size-medium\"><a href=\"https:\/\/www.amarantis.es\/index.php\/nombres-con-historia\/kelly-la-rubia\/\"><img loading=\"lazy\" decoding=\"async\" width=\"300\" height=\"201\" src=\"https:\/\/www.amarantis.es\/wp-content\/uploads\/2020\/08\/IMG-20200716-WA0007-300x201.jpg\" alt=\"\" class=\"wp-image-57\" title=\"La Rubia Kelly\" srcset=\"https:\/\/www.amarantis.es\/wp-content\/uploads\/2020\/08\/IMG-20200716-WA0007-300x201.jpg 300w, https:\/\/www.amarantis.es\/wp-content\/uploads\/2020\/08\/IMG-20200716-WA0007-600x402.jpg 600w, https:\/\/www.amarantis.es\/wp-content\/uploads\/2020\/08\/IMG-20200716-WA0007-1024x685.jpg 1024w, https:\/\/www.amarantis.es\/wp-content\/uploads\/2020\/08\/IMG-20200716-WA0007-768x514.jpg 768w, https:\/\/www.amarantis.es\/wp-content\/uploads\/2020\/08\/IMG-20200716-WA0007-1536x1028.jpg 1536w, https:\/\/www.amarantis.es\/wp-content\/uploads\/2020\/08\/IMG-20200716-WA0007-900x602.jpg 900w, https:\/\/www.amarantis.es\/wp-content\/uploads\/2020\/08\/IMG-20200716-WA0007-1280x857.jpg 1280w, https:\/\/www.amarantis.es\/wp-content\/uploads\/2020\/08\/IMG-20200716-WA0007.jpg 1600w\" sizes=\"auto, (max-width: 300px) 100vw, 300px\" \/><\/a><\/figure>\n\n\n\n<h3 class=\"wp-block-heading\"><a href=\"https:\/\/www.amarantis.es\/index.php\/nombres-con-historia\/gary-el-melenas\/\" data-type=\"URL\" data-id=\"https:\/\/www.amarantis.es\/index.php\/nombres-con-historia\/gary-el-melenas\/\"><span class=\"has-inline-color has-black-color\"><em>Gary el Melenas<\/em><\/span><\/a><\/h3>\n\n\n\n<p class=\"has-black-color has-text-color\"><a href=\"https:\/\/www.amarantis.es\/index.php\/nombres-con-historia\/gary-el-melenas\/\" data-type=\"URL\" data-id=\"https:\/\/www.amarantis.es\/index.php\/nombres-con-historia\/gary-el-melenas\/\"><em>Tan guapo como caradura, no hay quien se resista a esa mirada. Si su <span class=\"has-inline-color has-black-color\">pelo os parece bonito, tenemos sacos y sacos&#8230;<\/span><\/em><\/a><\/p>\n\n\n\n<figure class=\"wp-block-image size-medium\"><a href=\"https:\/\/www.amarantis.es\/index.php\/nombres-con-historia\/gary-el-melenas\/\"><img loading=\"lazy\" decoding=\"async\" width=\"270\" height=\"300\" src=\"https:\/\/www.amarantis.es\/wp-content\/uploads\/2020\/08\/IMG-20200716-WA0008-1-270x300.jpg\" alt=\"\" class=\"wp-image-212\" title=\"Gary el Melenas\" srcset=\"https:\/\/www.amarantis.es\/wp-content\/uploads\/2020\/08\/IMG-20200716-WA0008-1-270x300.jpg 270w, https:\/\/www.amarantis.es\/wp-content\/uploads\/2020\/08\/IMG-20200716-WA0008-1-300x333.jpg 300w, https:\/\/www.amarantis.es\/wp-content\/uploads\/2020\/08\/IMG-20200716-WA0008-1-600x666.jpg 600w, https:\/\/www.amarantis.es\/wp-content\/uploads\/2020\/08\/IMG-20200716-WA0008-1-922x1024.jpg 922w, https:\/\/www.amarantis.es\/wp-content\/uploads\/2020\/08\/IMG-20200716-WA0008-1-768x853.jpg 768w, https:\/\/www.amarantis.es\/wp-content\/uploads\/2020\/08\/IMG-20200716-WA0008-1-900x1000.jpg 900w, https:\/\/www.amarantis.es\/wp-content\/uploads\/2020\/08\/IMG-20200716-WA0008-1.jpg 966w\" sizes=\"auto, (max-width: 270px) 100vw, 270px\" \/><\/a><\/figure>\n\n\n\n<h3 class=\"wp-block-heading\"><a href=\"https:\/\/www.amarantis.es\/index.php\/nombres-con-historia\/jacinto-el-bicho\/\" data-type=\"URL\" data-id=\"https:\/\/www.amarantis.es\/index.php\/nombres-con-historia\/jacinto-el-bicho\/\"><span class=\"has-inline-color has-black-color\"><em>Jacinto el Bicho<\/em><\/span><\/a><\/h3>\n\n\n\n<p><a href=\"https:\/\/www.amarantis.es\/index.php\/nombres-con-historia\/jacinto-el-bicho\/\" data-type=\"URL\" data-id=\"https:\/\/www.amarantis.es\/index.php\/nombres-con-historia\/jacinto-el-bicho\/\"><span class=\"has-inline-color has-black-color\"><em>El perro m\u00e1s bueno del mundo, pero solo si \u00e9l quer\u00eda. Un car\u00e1cter muy especial que nos enamor\u00f3 desde el principio&#8230;<\/em><\/span><\/a><\/p>\n\n\n\n<figure class=\"wp-block-image size-large\"><a href=\"https:\/\/www.amarantis.es\/index.php\/nombres-con-historia\/jacinto-el-bicho\/\"><img loading=\"lazy\" decoding=\"async\" width=\"365\" height=\"264\" src=\"https:\/\/www.amarantis.es\/wp-content\/uploads\/2020\/08\/Jacinto.jpg\" alt=\"\" class=\"wp-image-107\" title=\"Jacinto el Bicho\" srcset=\"https:\/\/www.amarantis.es\/wp-content\/uploads\/2020\/08\/Jacinto.jpg 365w, https:\/\/www.amarantis.es\/wp-content\/uploads\/2020\/08\/Jacinto-300x217.jpg 300w\" sizes=\"auto, (max-width: 365px) 100vw, 365px\" \/><\/a><\/figure>\n","protected":false},"excerpt":{"rendered":"<p>Desde el principio tuvimos claro que Amarantis era mucho m\u00e1s que dos locos apasionados por la cerveza. Y que mejor homenaje que dedicar nuestras cervezas a los miembros m\u00e1s locos y adorables de esta familia. Kelly la Rubia Kelly es una locuela adorable, que aprovecha cualquier momento para echarse una buena siesta&#8230; Gary el Melenas [&hellip;]<\/p>\n","protected":false},"author":1,"featured_media":266,"parent":0,"menu_order":0,"comment_status":"closed","ping_status":"closed","template":"","meta":{"footnotes":""},"class_list":["post-28","page","type-page","status-publish","has-post-thumbnail","hentry"],"yoast_head":"<!-- This site is optimized with the Yoast SEO plugin v27.2 - https:\/\/yoast.com\/product\/yoast-seo-wordpress\/ -->\n<title>Nombres con Historia - Amarantis<\/title>\n<meta name=\"robots\" content=\"index, follow, max-snippet:-1, max-image-preview:large, max-video-preview:-1\" \/>\n<link rel=\"canonical\" href=\"https:\/\/www.amarantis.es\/index.php\/nombres-con-historia\/\" \/>\n<meta property=\"og:locale\" content=\"es_ES\" \/>\n<meta property=\"og:type\" content=\"article\" \/>\n<meta property=\"og:title\" content=\"Nombres con Historia - Amarantis\" \/>\n<meta property=\"og:description\" content=\"Desde el principio tuvimos claro que Amarantis era mucho m\u00e1s que dos locos apasionados por la cerveza. Y que mejor homenaje que dedicar nuestras cervezas a los miembros m\u00e1s locos y adorables de esta familia. Kelly la Rubia Kelly es una locuela adorable, que aprovecha cualquier momento para echarse una buena siesta&#8230; Gary el Melenas [&hellip;]\" \/>\n<meta property=\"og:url\" content=\"https:\/\/www.amarantis.es\/index.php\/nombres-con-historia\/\" \/>\n<meta property=\"og:site_name\" content=\"Amarantis\" \/>\n<meta property=\"article:publisher\" content=\"https:\/\/www.facebook.com\/AmarantisCervezaArtesana\/\" \/>\n<meta property=\"article:modified_time\" content=\"2020-11-15T18:39:48+00:00\" \/>\n<meta property=\"og:image\" content=\"https:\/\/www.amarantis.es\/wp-content\/uploads\/2020\/09\/IMG_20200904_200423-1-scaled.jpg\" \/>\n\t<meta property=\"og:image:width\" content=\"2560\" \/>\n\t<meta property=\"og:image:height\" content=\"981\" \/>\n\t<meta property=\"og:image:type\" content=\"image\/jpeg\" \/>\n<meta name=\"twitter:card\" content=\"summary_large_image\" \/>\n<meta name=\"twitter:site\" content=\"@amarantis_beer\" \/>\n<meta name=\"twitter:label1\" content=\"Tiempo de lectura\" \/>\n\t<meta name=\"twitter:data1\" content=\"1 minuto\" \/>\n<script type=\"application\/ld+json\" class=\"yoast-schema-graph\">{\"@context\":\"https:\/\/schema.org\",\"@graph\":[{\"@type\":\"WebPage\",\"@id\":\"https:\/\/www.amarantis.es\/index.php\/nombres-con-historia\/\",\"url\":\"https:\/\/www.amarantis.es\/index.php\/nombres-con-historia\/\",\"name\":\"Nombres con Historia - Amarantis\",\"isPartOf\":{\"@id\":\"https:\/\/www.amarantis.es\/#website\"},\"primaryImageOfPage\":{\"@id\":\"https:\/\/www.amarantis.es\/index.php\/nombres-con-historia\/#primaryimage\"},\"image\":{\"@id\":\"https:\/\/www.amarantis.es\/index.php\/nombres-con-historia\/#primaryimage\"},\"thumbnailUrl\":\"https:\/\/www.amarantis.es\/wp-content\/uploads\/2020\/09\/IMG_20200904_200423-1-scaled.jpg\",\"datePublished\":\"2020-07-16T16:18:04+00:00\",\"dateModified\":\"2020-11-15T18:39:48+00:00\",\"breadcrumb\":{\"@id\":\"https:\/\/www.amarantis.es\/index.php\/nombres-con-historia\/#breadcrumb\"},\"inLanguage\":\"es\",\"potentialAction\":[{\"@type\":\"ReadAction\",\"target\":[\"https:\/\/www.amarantis.es\/index.php\/nombres-con-historia\/\"]}]},{\"@type\":\"ImageObject\",\"inLanguage\":\"es\",\"@id\":\"https:\/\/www.amarantis.es\/index.php\/nombres-con-historia\/#primaryimage\",\"url\":\"https:\/\/www.amarantis.es\/wp-content\/uploads\/2020\/09\/IMG_20200904_200423-1-scaled.jpg\",\"contentUrl\":\"https:\/\/www.amarantis.es\/wp-content\/uploads\/2020\/09\/IMG_20200904_200423-1-scaled.jpg\",\"width\":2560,\"height\":981},{\"@type\":\"BreadcrumbList\",\"@id\":\"https:\/\/www.amarantis.es\/index.php\/nombres-con-historia\/#breadcrumb\",\"itemListElement\":[{\"@type\":\"ListItem\",\"position\":1,\"name\":\"Home\",\"item\":\"https:\/\/www.amarantis.es\/\"},{\"@type\":\"ListItem\",\"position\":2,\"name\":\"Nombres con Historia\"}]},{\"@type\":\"WebSite\",\"@id\":\"https:\/\/www.amarantis.es\/#website\",\"url\":\"https:\/\/www.amarantis.es\/\",\"name\":\"Amarantis\",\"description\":\"Cerveza Artesana\",\"publisher\":{\"@id\":\"https:\/\/www.amarantis.es\/#organization\"},\"potentialAction\":[{\"@type\":\"SearchAction\",\"target\":{\"@type\":\"EntryPoint\",\"urlTemplate\":\"https:\/\/www.amarantis.es\/?s={search_term_string}\"},\"query-input\":{\"@type\":\"PropertyValueSpecification\",\"valueRequired\":true,\"valueName\":\"search_term_string\"}}],\"inLanguage\":\"es\"},{\"@type\":\"Organization\",\"@id\":\"https:\/\/www.amarantis.es\/#organization\",\"name\":\"Amarantis\",\"url\":\"https:\/\/www.amarantis.es\/\",\"logo\":{\"@type\":\"ImageObject\",\"inLanguage\":\"es\",\"@id\":\"https:\/\/www.amarantis.es\/#\/schema\/logo\/image\/\",\"url\":\"https:\/\/www.amarantis.es\/wp-content\/uploads\/2020\/08\/cropped-Logo-Amarantis-Cerveza-Artesana-alargado-1.jpg\",\"contentUrl\":\"https:\/\/www.amarantis.es\/wp-content\/uploads\/2020\/08\/cropped-Logo-Amarantis-Cerveza-Artesana-alargado-1.jpg\",\"width\":1200,\"height\":300,\"caption\":\"Amarantis\"},\"image\":{\"@id\":\"https:\/\/www.amarantis.es\/#\/schema\/logo\/image\/\"},\"sameAs\":[\"https:\/\/www.facebook.com\/AmarantisCervezaArtesana\/\",\"https:\/\/x.com\/amarantis_beer\",\"https:\/\/www.instagram.com\/amarantis_cerveza_artesana\/\"]}]}<\/script>\n<!-- \/ Yoast SEO plugin. -->","yoast_head_json":{"title":"Nombres con Historia - Amarantis","robots":{"index":"index","follow":"follow","max-snippet":"max-snippet:-1","max-image-preview":"max-image-preview:large","max-video-preview":"max-video-preview:-1"},"canonical":"https:\/\/www.amarantis.es\/index.php\/nombres-con-historia\/","og_locale":"es_ES","og_type":"article","og_title":"Nombres con Historia - Amarantis","og_description":"Desde el principio tuvimos claro que Amarantis era mucho m\u00e1s que dos locos apasionados por la cerveza. Y que mejor homenaje que dedicar nuestras cervezas a los miembros m\u00e1s locos y adorables de esta familia. Kelly la Rubia Kelly es una locuela adorable, que aprovecha cualquier momento para echarse una buena siesta&#8230; Gary el Melenas [&hellip;]","og_url":"https:\/\/www.amarantis.es\/index.php\/nombres-con-historia\/","og_site_name":"Amarantis","article_publisher":"https:\/\/www.facebook.com\/AmarantisCervezaArtesana\/","article_modified_time":"2020-11-15T18:39:48+00:00","og_image":[{"width":2560,"height":981,"url":"https:\/\/www.amarantis.es\/wp-content\/uploads\/2020\/09\/IMG_20200904_200423-1-scaled.jpg","type":"image\/jpeg"}],"twitter_card":"summary_large_image","twitter_site":"@amarantis_beer","twitter_misc":{"Tiempo de lectura":"1 minuto"},"schema":{"@context":"https:\/\/schema.org","@graph":[{"@type":"WebPage","@id":"https:\/\/www.amarantis.es\/index.php\/nombres-con-historia\/","url":"https:\/\/www.amarantis.es\/index.php\/nombres-con-historia\/","name":"Nombres con Historia - Amarantis","isPartOf":{"@id":"https:\/\/www.amarantis.es\/#website"},"primaryImageOfPage":{"@id":"https:\/\/www.amarantis.es\/index.php\/nombres-con-historia\/#primaryimage"},"image":{"@id":"https:\/\/www.amarantis.es\/index.php\/nombres-con-historia\/#primaryimage"},"thumbnailUrl":"https:\/\/www.amarantis.es\/wp-content\/uploads\/2020\/09\/IMG_20200904_200423-1-scaled.jpg","datePublished":"2020-07-16T16:18:04+00:00","dateModified":"2020-11-15T18:39:48+00:00","breadcrumb":{"@id":"https:\/\/www.amarantis.es\/index.php\/nombres-con-historia\/#breadcrumb"},"inLanguage":"es","potentialAction":[{"@type":"ReadAction","target":["https:\/\/www.amarantis.es\/index.php\/nombres-con-historia\/"]}]},{"@type":"ImageObject","inLanguage":"es","@id":"https:\/\/www.amarantis.es\/index.php\/nombres-con-historia\/#primaryimage","url":"https:\/\/www.amarantis.es\/wp-content\/uploads\/2020\/09\/IMG_20200904_200423-1-scaled.jpg","contentUrl":"https:\/\/www.amarantis.es\/wp-content\/uploads\/2020\/09\/IMG_20200904_200423-1-scaled.jpg","width":2560,"height":981},{"@type":"BreadcrumbList","@id":"https:\/\/www.amarantis.es\/index.php\/nombres-con-historia\/#breadcrumb","itemListElement":[{"@type":"ListItem","position":1,"name":"Home","item":"https:\/\/www.amarantis.es\/"},{"@type":"ListItem","position":2,"name":"Nombres con Historia"}]},{"@type":"WebSite","@id":"https:\/\/www.amarantis.es\/#website","url":"https:\/\/www.amarantis.es\/","name":"Amarantis","description":"Cerveza Artesana","publisher":{"@id":"https:\/\/www.amarantis.es\/#organization"},"potentialAction":[{"@type":"SearchAction","target":{"@type":"EntryPoint","urlTemplate":"https:\/\/www.amarantis.es\/?s={search_term_string}"},"query-input":{"@type":"PropertyValueSpecification","valueRequired":true,"valueName":"search_term_string"}}],"inLanguage":"es"},{"@type":"Organization","@id":"https:\/\/www.amarantis.es\/#organization","name":"Amarantis","url":"https:\/\/www.amarantis.es\/","logo":{"@type":"ImageObject","inLanguage":"es","@id":"https:\/\/www.amarantis.es\/#\/schema\/logo\/image\/","url":"https:\/\/www.amarantis.es\/wp-content\/uploads\/2020\/08\/cropped-Logo-Amarantis-Cerveza-Artesana-alargado-1.jpg","contentUrl":"https:\/\/www.amarantis.es\/wp-content\/uploads\/2020\/08\/cropped-Logo-Amarantis-Cerveza-Artesana-alargado-1.jpg","width":1200,"height":300,"caption":"Amarantis"},"image":{"@id":"https:\/\/www.amarantis.es\/#\/schema\/logo\/image\/"},"sameAs":["https:\/\/www.facebook.com\/AmarantisCervezaArtesana\/","https:\/\/x.com\/amarantis_beer","https:\/\/www.instagram.com\/amarantis_cerveza_artesana\/"]}]}},"_links":{"self":[{"href":"https:\/\/www.amarantis.es\/index.php\/wp-json\/wp\/v2\/pages\/28","targetHints":{"allow":["GET"]}}],"collection":[{"href":"https:\/\/www.amarantis.es\/index.php\/wp-json\/wp\/v2\/pages"}],"about":[{"href":"https:\/\/www.amarantis.es\/index.php\/wp-json\/wp\/v2\/types\/page"}],"author":[{"embeddable":true,"href":"https:\/\/www.amarantis.es\/index.php\/wp-json\/wp\/v2\/users\/1"}],"replies":[{"embeddable":true,"href":"https:\/\/www.amarantis.es\/index.php\/wp-json\/wp\/v2\/comments?post=28"}],"version-history":[{"count":21,"href":"https:\/\/www.amarantis.es\/index.php\/wp-json\/wp\/v2\/pages\/28\/revisions"}],"predecessor-version":[{"id":571,"href":"https:\/\/www.amarantis.es\/index.php\/wp-json\/wp\/v2\/pages\/28\/revisions\/571"}],"wp:featuredmedia":[{"embeddable":true,"href":"https:\/\/www.amarantis.es\/index.php\/wp-json\/wp\/v2\/media\/266"}],"wp:attachment":[{"href":"https:\/\/www.amarantis.es\/index.php\/wp-json\/wp\/v2\/media?parent=28"}],"curies":[{"name":"wp","href":"https:\/\/api.w.org\/{rel}","templated":true}]}}