{"id":68,"date":"2020-08-18T10:25:28","date_gmt":"2020-08-18T10:25:28","guid":{"rendered":"https:\/\/www.amarantis.es\/?page_id=68"},"modified":"2023-01-08T12:32:02","modified_gmt":"2023-01-08T11:32:02","slug":"principal","status":"publish","type":"page","link":"https:\/\/www.amarantis.es\/","title":{"rendered":"Bienvenido a Amarantis"},"content":{"rendered":"\n<h2 class=\"wp-block-heading\" style=\"font-size:23px\">Si te apetece una buena cerveza, ya tenemos algo en com\u00fan.<\/h2>\n\n\n\n<figure class=\"wp-block-image size-large\"><img loading=\"lazy\" decoding=\"async\" width=\"960\" height=\"720\" src=\"https:\/\/www.amarantis.es\/wp-content\/uploads\/2020\/08\/vaso-porter-patio.jpg\" alt=\"\" class=\"wp-image-72\" title=\"Bicho Porter\" srcset=\"https:\/\/www.amarantis.es\/wp-content\/uploads\/2020\/08\/vaso-porter-patio.jpg 960w, https:\/\/www.amarantis.es\/wp-content\/uploads\/2020\/08\/vaso-porter-patio-300x225.jpg 300w, https:\/\/www.amarantis.es\/wp-content\/uploads\/2020\/08\/vaso-porter-patio-600x450.jpg 600w, https:\/\/www.amarantis.es\/wp-content\/uploads\/2020\/08\/vaso-porter-patio-768x576.jpg 768w, https:\/\/www.amarantis.es\/wp-content\/uploads\/2020\/08\/vaso-porter-patio-900x675.jpg 900w\" sizes=\"auto, (max-width: 960px) 100vw, 960px\" \/><figcaption class=\"wp-element-caption\">Bicho Porter<\/figcaption><\/figure>\n\n\n\n<p>Si lo \u00fanico que buscas es disfrutar de una buena cerveza, has llegado al lugar adecuado. <\/p>\n\n\n\n<p>En Amarantis Cerveza Artesana tratamos de hacer hincapi\u00e9 en los sabores tradicionales, buscando innovar pero respetando a la vez los matices que hacen de cada estilo algo \u00fanico. <\/p>\n\n\n\n<p>Porque creemos que hay una cerveza para cada momento. Ya sea solo o en compa\u00f1\u00eda, en un caluroso d\u00eda de verano o disfrutando de una tarde de invierno de esas de sof\u00e1, peli y manta.<\/p>\n\n\n\n<figure class=\"wp-block-image size-large\"><img loading=\"lazy\" decoding=\"async\" width=\"957\" height=\"1024\" src=\"https:\/\/www.amarantis.es\/wp-content\/uploads\/2020\/08\/Blond-Ale-salon-1-957x1024.jpg\" alt=\"\" class=\"wp-image-198\" srcset=\"https:\/\/www.amarantis.es\/wp-content\/uploads\/2020\/08\/Blond-Ale-salon-1-957x1024.jpg 957w, https:\/\/www.amarantis.es\/wp-content\/uploads\/2020\/08\/Blond-Ale-salon-1-300x321.jpg 300w, https:\/\/www.amarantis.es\/wp-content\/uploads\/2020\/08\/Blond-Ale-salon-1-600x642.jpg 600w, https:\/\/www.amarantis.es\/wp-content\/uploads\/2020\/08\/Blond-Ale-salon-1-281x300.jpg 281w, https:\/\/www.amarantis.es\/wp-content\/uploads\/2020\/08\/Blond-Ale-salon-1-768x821.jpg 768w, https:\/\/www.amarantis.es\/wp-content\/uploads\/2020\/08\/Blond-Ale-salon-1-900x963.jpg 900w, https:\/\/www.amarantis.es\/wp-content\/uploads\/2020\/08\/Blond-Ale-salon-1.jpg 1122w\" sizes=\"auto, (max-width: 957px) 100vw, 957px\" \/><figcaption class=\"wp-element-caption\">La Rubia Kelly<\/figcaption><\/figure>\n\n\n\n<p>Porque no creemos que una Lager sea mejor o peor que una Imperial Stout, simplemente creemos que cada una tiene su momento.<\/p>\n\n\n\n<p>Por eso, este es el mejor momento para una buena cerveza.<\/p>\n\n\n\n<p>Bienvenido. <\/p>\n\n\n\n<p><a href=\"https:\/\/www.amarantis.es\/index.php\/te-apetece-una-birra\/\" data-type=\"URL\" data-id=\"https:\/\/www.amarantis.es\/index.php\/te-apetece-una-birra\/\"><span class=\"has-inline-color has-black-color\"><strong><em>\u00bfTe apetece una birra?<\/em><\/strong><\/span><\/a><\/p>\n","protected":false},"excerpt":{"rendered":"<p>Si te apetece una buena cerveza, ya tenemos algo en com\u00fan. Si lo \u00fanico que buscas es disfrutar de una buena cerveza, has llegado al lugar adecuado. En Amarantis Cerveza Artesana tratamos de hacer hincapi\u00e9 en los sabores tradicionales, buscando innovar pero respetando a la vez los matices que hacen de cada estilo algo \u00fanico. [&hellip;]<\/p>\n","protected":false},"author":1,"featured_media":0,"parent":0,"menu_order":0,"comment_status":"closed","ping_status":"closed","template":"","meta":{"footnotes":""},"class_list":["post-68","page","type-page","status-publish","hentry"],"yoast_head":"<!-- This site is optimized with the Yoast SEO plugin v27.2 - https:\/\/yoast.com\/product\/yoast-seo-wordpress\/ -->\n<title>Bienvenido a Amarantis - Amarantis<\/title>\n<meta name=\"robots\" content=\"index, follow, max-snippet:-1, max-image-preview:large, max-video-preview:-1\" \/>\n<link rel=\"canonical\" href=\"https:\/\/www.amarantis.es\/\" \/>\n<meta property=\"og:locale\" content=\"es_ES\" \/>\n<meta property=\"og:type\" content=\"article\" \/>\n<meta property=\"og:title\" content=\"Bienvenido a Amarantis - Amarantis\" \/>\n<meta property=\"og:description\" content=\"Si te apetece una buena cerveza, ya tenemos algo en com\u00fan. Si lo \u00fanico que buscas es disfrutar de una buena cerveza, has llegado al lugar adecuado. En Amarantis Cerveza Artesana tratamos de hacer hincapi\u00e9 en los sabores tradicionales, buscando innovar pero respetando a la vez los matices que hacen de cada estilo algo \u00fanico. [&hellip;]\" \/>\n<meta property=\"og:url\" content=\"https:\/\/www.amarantis.es\/\" \/>\n<meta property=\"og:site_name\" content=\"Amarantis\" \/>\n<meta property=\"article:publisher\" content=\"https:\/\/www.facebook.com\/AmarantisCervezaArtesana\/\" \/>\n<meta property=\"article:modified_time\" content=\"2023-01-08T11:32:02+00:00\" \/>\n<meta property=\"og:image\" content=\"https:\/\/www.amarantis.es\/wp-content\/uploads\/2020\/08\/vaso-porter-patio.jpg\" \/>\n\t<meta property=\"og:image:width\" content=\"960\" \/>\n\t<meta property=\"og:image:height\" content=\"720\" \/>\n\t<meta property=\"og:image:type\" content=\"image\/jpeg\" \/>\n<meta name=\"twitter:card\" content=\"summary_large_image\" \/>\n<meta name=\"twitter:site\" content=\"@amarantis_beer\" \/>\n<meta name=\"twitter:label1\" content=\"Tiempo de lectura\" \/>\n\t<meta name=\"twitter:data1\" content=\"1 minuto\" \/>\n<script type=\"application\/ld+json\" class=\"yoast-schema-graph\">{\"@context\":\"https:\/\/schema.org\",\"@graph\":[{\"@type\":\"WebPage\",\"@id\":\"https:\/\/www.amarantis.es\/\",\"url\":\"https:\/\/www.amarantis.es\/\",\"name\":\"Bienvenido a Amarantis - Amarantis\",\"isPartOf\":{\"@id\":\"https:\/\/www.amarantis.es\/#website\"},\"primaryImageOfPage\":{\"@id\":\"https:\/\/www.amarantis.es\/#primaryimage\"},\"image\":{\"@id\":\"https:\/\/www.amarantis.es\/#primaryimage\"},\"thumbnailUrl\":\"https:\/\/www.amarantis.es\/wp-content\/uploads\/2020\/08\/vaso-porter-patio.jpg\",\"datePublished\":\"2020-08-18T10:25:28+00:00\",\"dateModified\":\"2023-01-08T11:32:02+00:00\",\"breadcrumb\":{\"@id\":\"https:\/\/www.amarantis.es\/#breadcrumb\"},\"inLanguage\":\"es\",\"potentialAction\":[{\"@type\":\"ReadAction\",\"target\":[\"https:\/\/www.amarantis.es\/\"]}]},{\"@type\":\"ImageObject\",\"inLanguage\":\"es\",\"@id\":\"https:\/\/www.amarantis.es\/#primaryimage\",\"url\":\"https:\/\/www.amarantis.es\/wp-content\/uploads\/2020\/08\/vaso-porter-patio.jpg\",\"contentUrl\":\"https:\/\/www.amarantis.es\/wp-content\/uploads\/2020\/08\/vaso-porter-patio.jpg\",\"width\":960,\"height\":720},{\"@type\":\"BreadcrumbList\",\"@id\":\"https:\/\/www.amarantis.es\/#breadcrumb\",\"itemListElement\":[{\"@type\":\"ListItem\",\"position\":1,\"name\":\"Home\",\"item\":\"https:\/\/www.amarantis.es\/\"},{\"@type\":\"ListItem\",\"position\":2,\"name\":\"Bienvenido a Amarantis\"}]},{\"@type\":\"WebSite\",\"@id\":\"https:\/\/www.amarantis.es\/#website\",\"url\":\"https:\/\/www.amarantis.es\/\",\"name\":\"Amarantis\",\"description\":\"Cerveza Artesana\",\"publisher\":{\"@id\":\"https:\/\/www.amarantis.es\/#organization\"},\"potentialAction\":[{\"@type\":\"SearchAction\",\"target\":{\"@type\":\"EntryPoint\",\"urlTemplate\":\"https:\/\/www.amarantis.es\/?s={search_term_string}\"},\"query-input\":{\"@type\":\"PropertyValueSpecification\",\"valueRequired\":true,\"valueName\":\"search_term_string\"}}],\"inLanguage\":\"es\"},{\"@type\":\"Organization\",\"@id\":\"https:\/\/www.amarantis.es\/#organization\",\"name\":\"Amarantis\",\"url\":\"https:\/\/www.amarantis.es\/\",\"logo\":{\"@type\":\"ImageObject\",\"inLanguage\":\"es\",\"@id\":\"https:\/\/www.amarantis.es\/#\/schema\/logo\/image\/\",\"url\":\"https:\/\/www.amarantis.es\/wp-content\/uploads\/2020\/08\/cropped-Logo-Amarantis-Cerveza-Artesana-alargado-1.jpg\",\"contentUrl\":\"https:\/\/www.amarantis.es\/wp-content\/uploads\/2020\/08\/cropped-Logo-Amarantis-Cerveza-Artesana-alargado-1.jpg\",\"width\":1200,\"height\":300,\"caption\":\"Amarantis\"},\"image\":{\"@id\":\"https:\/\/www.amarantis.es\/#\/schema\/logo\/image\/\"},\"sameAs\":[\"https:\/\/www.facebook.com\/AmarantisCervezaArtesana\/\",\"https:\/\/x.com\/amarantis_beer\",\"https:\/\/www.instagram.com\/amarantis_cerveza_artesana\/\"]}]}<\/script>\n<!-- \/ Yoast SEO plugin. -->","yoast_head_json":{"title":"Bienvenido a Amarantis - Amarantis","robots":{"index":"index","follow":"follow","max-snippet":"max-snippet:-1","max-image-preview":"max-image-preview:large","max-video-preview":"max-video-preview:-1"},"canonical":"https:\/\/www.amarantis.es\/","og_locale":"es_ES","og_type":"article","og_title":"Bienvenido a Amarantis - Amarantis","og_description":"Si te apetece una buena cerveza, ya tenemos algo en com\u00fan. Si lo \u00fanico que buscas es disfrutar de una buena cerveza, has llegado al lugar adecuado. En Amarantis Cerveza Artesana tratamos de hacer hincapi\u00e9 en los sabores tradicionales, buscando innovar pero respetando a la vez los matices que hacen de cada estilo algo \u00fanico. [&hellip;]","og_url":"https:\/\/www.amarantis.es\/","og_site_name":"Amarantis","article_publisher":"https:\/\/www.facebook.com\/AmarantisCervezaArtesana\/","article_modified_time":"2023-01-08T11:32:02+00:00","og_image":[{"width":960,"height":720,"url":"https:\/\/www.amarantis.es\/wp-content\/uploads\/2020\/08\/vaso-porter-patio.jpg","type":"image\/jpeg"}],"twitter_card":"summary_large_image","twitter_site":"@amarantis_beer","twitter_misc":{"Tiempo de lectura":"1 minuto"},"schema":{"@context":"https:\/\/schema.org","@graph":[{"@type":"WebPage","@id":"https:\/\/www.amarantis.es\/","url":"https:\/\/www.amarantis.es\/","name":"Bienvenido a Amarantis - Amarantis","isPartOf":{"@id":"https:\/\/www.amarantis.es\/#website"},"primaryImageOfPage":{"@id":"https:\/\/www.amarantis.es\/#primaryimage"},"image":{"@id":"https:\/\/www.amarantis.es\/#primaryimage"},"thumbnailUrl":"https:\/\/www.amarantis.es\/wp-content\/uploads\/2020\/08\/vaso-porter-patio.jpg","datePublished":"2020-08-18T10:25:28+00:00","dateModified":"2023-01-08T11:32:02+00:00","breadcrumb":{"@id":"https:\/\/www.amarantis.es\/#breadcrumb"},"inLanguage":"es","potentialAction":[{"@type":"ReadAction","target":["https:\/\/www.amarantis.es\/"]}]},{"@type":"ImageObject","inLanguage":"es","@id":"https:\/\/www.amarantis.es\/#primaryimage","url":"https:\/\/www.amarantis.es\/wp-content\/uploads\/2020\/08\/vaso-porter-patio.jpg","contentUrl":"https:\/\/www.amarantis.es\/wp-content\/uploads\/2020\/08\/vaso-porter-patio.jpg","width":960,"height":720},{"@type":"BreadcrumbList","@id":"https:\/\/www.amarantis.es\/#breadcrumb","itemListElement":[{"@type":"ListItem","position":1,"name":"Home","item":"https:\/\/www.amarantis.es\/"},{"@type":"ListItem","position":2,"name":"Bienvenido a Amarantis"}]},{"@type":"WebSite","@id":"https:\/\/www.amarantis.es\/#website","url":"https:\/\/www.amarantis.es\/","name":"Amarantis","description":"Cerveza Artesana","publisher":{"@id":"https:\/\/www.amarantis.es\/#organization"},"potentialAction":[{"@type":"SearchAction","target":{"@type":"EntryPoint","urlTemplate":"https:\/\/www.amarantis.es\/?s={search_term_string}"},"query-input":{"@type":"PropertyValueSpecification","valueRequired":true,"valueName":"search_term_string"}}],"inLanguage":"es"},{"@type":"Organization","@id":"https:\/\/www.amarantis.es\/#organization","name":"Amarantis","url":"https:\/\/www.amarantis.es\/","logo":{"@type":"ImageObject","inLanguage":"es","@id":"https:\/\/www.amarantis.es\/#\/schema\/logo\/image\/","url":"https:\/\/www.amarantis.es\/wp-content\/uploads\/2020\/08\/cropped-Logo-Amarantis-Cerveza-Artesana-alargado-1.jpg","contentUrl":"https:\/\/www.amarantis.es\/wp-content\/uploads\/2020\/08\/cropped-Logo-Amarantis-Cerveza-Artesana-alargado-1.jpg","width":1200,"height":300,"caption":"Amarantis"},"image":{"@id":"https:\/\/www.amarantis.es\/#\/schema\/logo\/image\/"},"sameAs":["https:\/\/www.facebook.com\/AmarantisCervezaArtesana\/","https:\/\/x.com\/amarantis_beer","https:\/\/www.instagram.com\/amarantis_cerveza_artesana\/"]}]}},"_links":{"self":[{"href":"https:\/\/www.amarantis.es\/index.php\/wp-json\/wp\/v2\/pages\/68","targetHints":{"allow":["GET"]}}],"collection":[{"href":"https:\/\/www.amarantis.es\/index.php\/wp-json\/wp\/v2\/pages"}],"about":[{"href":"https:\/\/www.amarantis.es\/index.php\/wp-json\/wp\/v2\/types\/page"}],"author":[{"embeddable":true,"href":"https:\/\/www.amarantis.es\/index.php\/wp-json\/wp\/v2\/users\/1"}],"replies":[{"embeddable":true,"href":"https:\/\/www.amarantis.es\/index.php\/wp-json\/wp\/v2\/comments?post=68"}],"version-history":[{"count":18,"href":"https:\/\/www.amarantis.es\/index.php\/wp-json\/wp\/v2\/pages\/68\/revisions"}],"predecessor-version":[{"id":17260,"href":"https:\/\/www.amarantis.es\/index.php\/wp-json\/wp\/v2\/pages\/68\/revisions\/17260"}],"wp:attachment":[{"href":"https:\/\/www.amarantis.es\/index.php\/wp-json\/wp\/v2\/media?parent=68"}],"curies":[{"name":"wp","href":"https:\/\/api.w.org\/{rel}","templated":true}]}}