{"id":1917,"date":"2021-01-31T18:11:46","date_gmt":"2021-01-31T17:11:46","guid":{"rendered":"https:\/\/www.amarantis.es\/?post_type=product&#038;p=1917"},"modified":"2024-03-24T23:54:49","modified_gmt":"2024-03-24T22:54:49","slug":"camiseta-negra-amarantis","status":"publish","type":"product","link":"https:\/\/www.amarantis.es\/index.php\/producto\/camiseta-negra-amarantis\/","title":{"rendered":"Camiseta Amarantis Original"},"content":{"rendered":"<p>Camiseta 100% algod\u00f3n de primera calidad personalizada con el logo original de nuestra cerveza.<\/p>\n<p>Una prenda c\u00f3moda y vers\u00e1til para lucir en cualquier ocasi\u00f3n.<\/p>\n<div>Las medidas aproximadas de las camisetas son (alto x ancho):<\/div>\n<div><\/div>\n<div><\/div>\n<div>\n<div><b>ADULTOS UNISEX<\/b><\/div>\n<div>XXXL: 78x64cm<\/div>\n<div>XXL: 74x62cm<\/div>\n<div>XL: 73x56cm<\/div>\n<div>L: 69x54cm<\/div>\n<div>M: 70x47cm<\/div>\n<div>S: 69x43cm<\/div>\n<div><\/div>\n<div><b>MUJERES<\/b><\/div>\n<div>\n<div>XXL: 68x47cm<\/div>\n<div>XL: 66x45cm<\/div>\n<div>L: 63x42cm<\/div>\n<div>M: 60x40cm<\/div>\n<div>S: 59x35cm<\/div>\n<\/div>\n<\/div>\n<p>&nbsp;<\/p>\n","protected":false},"excerpt":{"rendered":"<p>Camiseta 100% algod\u00f3n.<\/p>\n","protected":false},"featured_media":1956,"comment_status":"open","ping_status":"closed","template":"","meta":[],"product_brand":[],"product_cat":[34],"product_tag":[],"class_list":{"0":"post-1917","1":"product","2":"type-product","3":"status-publish","4":"has-post-thumbnail","6":"product_cat-ropa-cervecera","8":"first","9":"instock","10":"taxable","11":"shipping-taxable","12":"product-type-variable","13":"has-default-attributes"},"yoast_head":"<!-- This site is optimized with the Yoast SEO plugin v27.2 - https:\/\/yoast.com\/product\/yoast-seo-wordpress\/ -->\n<title>Camiseta Amarantis Original - Amarantis<\/title>\n<meta name=\"robots\" content=\"index, follow, max-snippet:-1, max-image-preview:large, max-video-preview:-1\" \/>\n<link rel=\"canonical\" href=\"https:\/\/www.amarantis.es\/index.php\/producto\/camiseta-negra-amarantis\/\" \/>\n<meta property=\"og:locale\" content=\"es_ES\" \/>\n<meta property=\"og:type\" content=\"article\" \/>\n<meta property=\"og:title\" content=\"Camiseta Amarantis Original - Amarantis\" \/>\n<meta property=\"og:description\" content=\"Camiseta 100% algod\u00f3n.\" \/>\n<meta property=\"og:url\" content=\"https:\/\/www.amarantis.es\/index.php\/producto\/camiseta-negra-amarantis\/\" \/>\n<meta property=\"og:site_name\" content=\"Amarantis\" \/>\n<meta property=\"article:publisher\" content=\"https:\/\/www.facebook.com\/AmarantisCervezaArtesana\/\" \/>\n<meta property=\"article:modified_time\" content=\"2024-03-24T22:54:49+00:00\" \/>\n<meta property=\"og:image\" content=\"https:\/\/www.amarantis.es\/wp-content\/uploads\/2021\/01\/Camiseta-Logo-Amarantis-Negra.jpg\" \/>\n\t<meta property=\"og:image:width\" content=\"500\" \/>\n\t<meta property=\"og:image:height\" content=\"600\" \/>\n\t<meta property=\"og:image:type\" content=\"image\/jpeg\" \/>\n<meta name=\"twitter:card\" content=\"summary_large_image\" \/>\n<meta name=\"twitter:site\" content=\"@amarantis_beer\" \/>\n<script type=\"application\/ld+json\" class=\"yoast-schema-graph\">{\"@context\":\"https:\/\/schema.org\",\"@graph\":[{\"@type\":\"WebPage\",\"@id\":\"https:\/\/www.amarantis.es\/index.php\/producto\/camiseta-negra-amarantis\/\",\"url\":\"https:\/\/www.amarantis.es\/index.php\/producto\/camiseta-negra-amarantis\/\",\"name\":\"Camiseta Amarantis Original - Amarantis\",\"isPartOf\":{\"@id\":\"https:\/\/www.amarantis.es\/#website\"},\"primaryImageOfPage\":{\"@id\":\"https:\/\/www.amarantis.es\/index.php\/producto\/camiseta-negra-amarantis\/#primaryimage\"},\"image\":{\"@id\":\"https:\/\/www.amarantis.es\/index.php\/producto\/camiseta-negra-amarantis\/#primaryimage\"},\"thumbnailUrl\":\"https:\/\/www.amarantis.es\/wp-content\/uploads\/2021\/01\/Camiseta-Logo-Amarantis-Negra.jpg\",\"datePublished\":\"2021-01-31T17:11:46+00:00\",\"dateModified\":\"2024-03-24T22:54:49+00:00\",\"breadcrumb\":{\"@id\":\"https:\/\/www.amarantis.es\/index.php\/producto\/camiseta-negra-amarantis\/#breadcrumb\"},\"inLanguage\":\"es\",\"potentialAction\":[{\"@type\":\"ReadAction\",\"target\":[\"https:\/\/www.amarantis.es\/index.php\/producto\/camiseta-negra-amarantis\/\"]}]},{\"@type\":\"ImageObject\",\"inLanguage\":\"es\",\"@id\":\"https:\/\/www.amarantis.es\/index.php\/producto\/camiseta-negra-amarantis\/#primaryimage\",\"url\":\"https:\/\/www.amarantis.es\/wp-content\/uploads\/2021\/01\/Camiseta-Logo-Amarantis-Negra.jpg\",\"contentUrl\":\"https:\/\/www.amarantis.es\/wp-content\/uploads\/2021\/01\/Camiseta-Logo-Amarantis-Negra.jpg\",\"width\":500,\"height\":600},{\"@type\":\"BreadcrumbList\",\"@id\":\"https:\/\/www.amarantis.es\/index.php\/producto\/camiseta-negra-amarantis\/#breadcrumb\",\"itemListElement\":[{\"@type\":\"ListItem\",\"position\":1,\"name\":\"Home\",\"item\":\"https:\/\/www.amarantis.es\/\"},{\"@type\":\"ListItem\",\"position\":2,\"name\":\"Tienda\",\"item\":\"https:\/\/www.amarantis.es\/index.php\/tienda\/\"},{\"@type\":\"ListItem\",\"position\":3,\"name\":\"Camiseta Amarantis Original\"}]},{\"@type\":\"WebSite\",\"@id\":\"https:\/\/www.amarantis.es\/#website\",\"url\":\"https:\/\/www.amarantis.es\/\",\"name\":\"Amarantis\",\"description\":\"Cerveza Artesana\",\"publisher\":{\"@id\":\"https:\/\/www.amarantis.es\/#organization\"},\"potentialAction\":[{\"@type\":\"SearchAction\",\"target\":{\"@type\":\"EntryPoint\",\"urlTemplate\":\"https:\/\/www.amarantis.es\/?s={search_term_string}\"},\"query-input\":{\"@type\":\"PropertyValueSpecification\",\"valueRequired\":true,\"valueName\":\"search_term_string\"}}],\"inLanguage\":\"es\"},{\"@type\":\"Organization\",\"@id\":\"https:\/\/www.amarantis.es\/#organization\",\"name\":\"Amarantis\",\"url\":\"https:\/\/www.amarantis.es\/\",\"logo\":{\"@type\":\"ImageObject\",\"inLanguage\":\"es\",\"@id\":\"https:\/\/www.amarantis.es\/#\/schema\/logo\/image\/\",\"url\":\"https:\/\/www.amarantis.es\/wp-content\/uploads\/2020\/08\/cropped-Logo-Amarantis-Cerveza-Artesana-alargado-1.jpg\",\"contentUrl\":\"https:\/\/www.amarantis.es\/wp-content\/uploads\/2020\/08\/cropped-Logo-Amarantis-Cerveza-Artesana-alargado-1.jpg\",\"width\":1200,\"height\":300,\"caption\":\"Amarantis\"},\"image\":{\"@id\":\"https:\/\/www.amarantis.es\/#\/schema\/logo\/image\/\"},\"sameAs\":[\"https:\/\/www.facebook.com\/AmarantisCervezaArtesana\/\",\"https:\/\/x.com\/amarantis_beer\",\"https:\/\/www.instagram.com\/amarantis_cerveza_artesana\/\"]}]}<\/script>\n<!-- \/ Yoast SEO plugin. -->","yoast_head_json":{"title":"Camiseta Amarantis Original - Amarantis","robots":{"index":"index","follow":"follow","max-snippet":"max-snippet:-1","max-image-preview":"max-image-preview:large","max-video-preview":"max-video-preview:-1"},"canonical":"https:\/\/www.amarantis.es\/index.php\/producto\/camiseta-negra-amarantis\/","og_locale":"es_ES","og_type":"article","og_title":"Camiseta Amarantis Original - Amarantis","og_description":"Camiseta 100% algod\u00f3n.","og_url":"https:\/\/www.amarantis.es\/index.php\/producto\/camiseta-negra-amarantis\/","og_site_name":"Amarantis","article_publisher":"https:\/\/www.facebook.com\/AmarantisCervezaArtesana\/","article_modified_time":"2024-03-24T22:54:49+00:00","og_image":[{"width":500,"height":600,"url":"https:\/\/www.amarantis.es\/wp-content\/uploads\/2021\/01\/Camiseta-Logo-Amarantis-Negra.jpg","type":"image\/jpeg"}],"twitter_card":"summary_large_image","twitter_site":"@amarantis_beer","schema":{"@context":"https:\/\/schema.org","@graph":[{"@type":"WebPage","@id":"https:\/\/www.amarantis.es\/index.php\/producto\/camiseta-negra-amarantis\/","url":"https:\/\/www.amarantis.es\/index.php\/producto\/camiseta-negra-amarantis\/","name":"Camiseta Amarantis Original - Amarantis","isPartOf":{"@id":"https:\/\/www.amarantis.es\/#website"},"primaryImageOfPage":{"@id":"https:\/\/www.amarantis.es\/index.php\/producto\/camiseta-negra-amarantis\/#primaryimage"},"image":{"@id":"https:\/\/www.amarantis.es\/index.php\/producto\/camiseta-negra-amarantis\/#primaryimage"},"thumbnailUrl":"https:\/\/www.amarantis.es\/wp-content\/uploads\/2021\/01\/Camiseta-Logo-Amarantis-Negra.jpg","datePublished":"2021-01-31T17:11:46+00:00","dateModified":"2024-03-24T22:54:49+00:00","breadcrumb":{"@id":"https:\/\/www.amarantis.es\/index.php\/producto\/camiseta-negra-amarantis\/#breadcrumb"},"inLanguage":"es","potentialAction":[{"@type":"ReadAction","target":["https:\/\/www.amarantis.es\/index.php\/producto\/camiseta-negra-amarantis\/"]}]},{"@type":"ImageObject","inLanguage":"es","@id":"https:\/\/www.amarantis.es\/index.php\/producto\/camiseta-negra-amarantis\/#primaryimage","url":"https:\/\/www.amarantis.es\/wp-content\/uploads\/2021\/01\/Camiseta-Logo-Amarantis-Negra.jpg","contentUrl":"https:\/\/www.amarantis.es\/wp-content\/uploads\/2021\/01\/Camiseta-Logo-Amarantis-Negra.jpg","width":500,"height":600},{"@type":"BreadcrumbList","@id":"https:\/\/www.amarantis.es\/index.php\/producto\/camiseta-negra-amarantis\/#breadcrumb","itemListElement":[{"@type":"ListItem","position":1,"name":"Home","item":"https:\/\/www.amarantis.es\/"},{"@type":"ListItem","position":2,"name":"Tienda","item":"https:\/\/www.amarantis.es\/index.php\/tienda\/"},{"@type":"ListItem","position":3,"name":"Camiseta Amarantis Original"}]},{"@type":"WebSite","@id":"https:\/\/www.amarantis.es\/#website","url":"https:\/\/www.amarantis.es\/","name":"Amarantis","description":"Cerveza Artesana","publisher":{"@id":"https:\/\/www.amarantis.es\/#organization"},"potentialAction":[{"@type":"SearchAction","target":{"@type":"EntryPoint","urlTemplate":"https:\/\/www.amarantis.es\/?s={search_term_string}"},"query-input":{"@type":"PropertyValueSpecification","valueRequired":true,"valueName":"search_term_string"}}],"inLanguage":"es"},{"@type":"Organization","@id":"https:\/\/www.amarantis.es\/#organization","name":"Amarantis","url":"https:\/\/www.amarantis.es\/","logo":{"@type":"ImageObject","inLanguage":"es","@id":"https:\/\/www.amarantis.es\/#\/schema\/logo\/image\/","url":"https:\/\/www.amarantis.es\/wp-content\/uploads\/2020\/08\/cropped-Logo-Amarantis-Cerveza-Artesana-alargado-1.jpg","contentUrl":"https:\/\/www.amarantis.es\/wp-content\/uploads\/2020\/08\/cropped-Logo-Amarantis-Cerveza-Artesana-alargado-1.jpg","width":1200,"height":300,"caption":"Amarantis"},"image":{"@id":"https:\/\/www.amarantis.es\/#\/schema\/logo\/image\/"},"sameAs":["https:\/\/www.facebook.com\/AmarantisCervezaArtesana\/","https:\/\/x.com\/amarantis_beer","https:\/\/www.instagram.com\/amarantis_cerveza_artesana\/"]}]}},"_links":{"self":[{"href":"https:\/\/www.amarantis.es\/index.php\/wp-json\/wp\/v2\/product\/1917","targetHints":{"allow":["GET"]}}],"collection":[{"href":"https:\/\/www.amarantis.es\/index.php\/wp-json\/wp\/v2\/product"}],"about":[{"href":"https:\/\/www.amarantis.es\/index.php\/wp-json\/wp\/v2\/types\/product"}],"replies":[{"embeddable":true,"href":"https:\/\/www.amarantis.es\/index.php\/wp-json\/wp\/v2\/comments?post=1917"}],"wp:featuredmedia":[{"embeddable":true,"href":"https:\/\/www.amarantis.es\/index.php\/wp-json\/wp\/v2\/media\/1956"}],"wp:attachment":[{"href":"https:\/\/www.amarantis.es\/index.php\/wp-json\/wp\/v2\/media?parent=1917"}],"wp:term":[{"taxonomy":"product_brand","embeddable":true,"href":"https:\/\/www.amarantis.es\/index.php\/wp-json\/wp\/v2\/product_brand?post=1917"},{"taxonomy":"product_cat","embeddable":true,"href":"https:\/\/www.amarantis.es\/index.php\/wp-json\/wp\/v2\/product_cat?post=1917"},{"taxonomy":"product_tag","embeddable":true,"href":"https:\/\/www.amarantis.es\/index.php\/wp-json\/wp\/v2\/product_tag?post=1917"}],"curies":[{"name":"wp","href":"https:\/\/api.w.org\/{rel}","templated":true}]}}